{"id":7970,"date":"2025-05-27T13:25:48","date_gmt":"2025-05-27T11:25:48","guid":{"rendered":"https:\/\/egrant.sk\/?page_id=7970"},"modified":"2025-06-18T07:38:50","modified_gmt":"2025-06-18T05:38:50","slug":"blog","status":"publish","type":"page","link":"https:\/\/egrant.sk\/bg\/blog\/","title":{"rendered":"\u0411\u043b\u043e\u0433"},"content":{"rendered":"<div data-elementor-type=\"wp-page\" data-elementor-id=\"7970\" class=\"elementor elementor-7970\" data-elementor-post-type=\"page\">\n\t\t\t\t<div class=\"elementor-element elementor-element-15213eb e-con-full e-flex e-con e-parent\" data-id=\"15213eb\" data-element_type=\"container\">\n\t\t\t\t<div class=\"elementor-element elementor-element-5d8a01c elementor-widget elementor-widget-heading\" data-id=\"5d8a01c\" data-element_type=\"widget\" data-widget_type=\"heading.default\">\n\t\t\t\t<div class=\"elementor-widget-container\">\n\t\t\t\t\t<h1 class=\"elementor-heading-title elementor-size-default\">\u0411\u043b\u043e\u0433<\/h1>\t\t\t\t<\/div>\n\t\t\t\t<\/div>\n\t\t\t\t<div class=\"elementor-element elementor-element-fecfa86 elementor-widget__width-inherit elementor-grid-3 elementor-grid-tablet-2 elementor-grid-mobile-1 elementor-posts--thumbnail-top elementor-posts--show-avatar elementor-card-shadow-yes elementor-posts__hover-gradient elementor-widget elementor-widget-posts\" data-id=\"fecfa86\" data-element_type=\"widget\" data-settings=\"{&quot;cards_columns&quot;:&quot;3&quot;,&quot;cards_columns_tablet&quot;:&quot;2&quot;,&quot;cards_columns_mobile&quot;:&quot;1&quot;,&quot;cards_row_gap&quot;:{&quot;unit&quot;:&quot;px&quot;,&quot;size&quot;:35,&quot;sizes&quot;:[]},&quot;cards_row_gap_tablet&quot;:{&quot;unit&quot;:&quot;px&quot;,&quot;size&quot;:&quot;&quot;,&quot;sizes&quot;:[]},&quot;cards_row_gap_mobile&quot;:{&quot;unit&quot;:&quot;px&quot;,&quot;size&quot;:&quot;&quot;,&quot;sizes&quot;:[]}}\" data-widget_type=\"posts.cards\">\n\t\t\t\t<div class=\"elementor-widget-container\">\n\t\t\t\t\t\t\t<div class=\"elementor-posts-container elementor-posts elementor-posts--skin-cards elementor-grid\">\n\t\t\t\t<article class=\"elementor-post elementor-grid-item post-8091 post type-post status-publish format-standard hentry category-clanok tag-egrant tag-navigacia\">\n\t\t\t<div class=\"elementor-post__card\">\n\t\t\t\t<div class=\"elementor-post__text\">\n\t\t\t\t<h3 class=\"elementor-post__title\">\n\t\t\t<a href=\"https:\/\/egrant.sk\/bg\/potrebujete-sa-prihlasit-do-systemu-egrant\/\" >\n\t\t\t\t\u0422\u0440\u044f\u0431\u0432\u0430 \u043b\u0438 \u0434\u0430 \u0432\u043b\u0435\u0437\u0435\u0442\u0435 \u0432 \u0441\u0438\u0441\u0442\u0435\u043c\u0430\u0442\u0430 \u0437\u0430 \u0435\u0433\u0440\u0430\u043d\u0442\u0438 \u043d\u0430 \u043a\u043e\u043d\u043a\u0440\u0435\u0442\u043d\u0430 \u0438\u043d\u0441\u0442\u0438\u0442\u0443\u0446\u0438\u044f? \u041d\u0430\u043c\u0435\u0440\u0435\u0442\u0435 \u0441\u0442\u0440\u0430\u043d\u0438\u0446\u0430\u0442\u0430 \u0437\u0430 \u0432\u0445\u043e\u0434 \u0431\u044a\u0440\u0437\u043e \u0438 \u043b\u0435\u0441\u043d\u043e!\t\t\t<\/a>\n\t\t<\/h3>\n\t\t\t\t<div class=\"elementor-post__excerpt\">\n\t\t\t<p>\u0422\u0440\u044f\u0431\u0432\u0430 \u043b\u0438 \u0434\u0430 \u0432\u043b\u0435\u0437\u0435\u0442\u0435 \u0432 \u0441\u0438\u0441\u0442\u0435\u043c\u0430\u0442\u0430 \u0437\u0430 \u0435\u0433\u0440\u0430\u043d\u0442\u0438 \u043d\u0430 \u043a\u043e\u043d\u043a\u0440\u0435\u0442\u043d\u0430 \u0438\u043d\u0441\u0442\u0438\u0442\u0443\u0446\u0438\u044f? \u041d\u0430\u043c\u0435\u0440\u0435\u0442\u0435 \u0431\u044a\u0440\u0437 \u0434\u043e\u0441\u0442\u044a\u043f \u0434\u043e \u0441\u0442\u0440\u0430\u043d\u0438\u0446\u0438\u0442\u0435 \u0437\u0430 \u0432\u043b\u0438\u0437\u0430\u043d\u0435 \u0432 \u0441\u0438\u0441\u0442\u0435\u043c\u0430\u0442\u0430 \u043d\u0430 egrant.sk. \u0421\u043f\u0435\u0441\u0442\u0435\u0442\u0435 \u0432\u0440\u0435\u043c\u0435!<\/p>\n\t\t<\/div>\n\t\t\t\t<\/div>\n\t\t\t\t<div class=\"elementor-post__meta-data\">\n\t\t\t\t\t<span class=\"elementor-post-date\">\n\t\t\t04\/06\/2025\t\t<\/span>\n\t\t\t\t<span class=\"elementor-post-avatar\">\n\t\t\t\u041d\u044f\u043c\u0430 \u043a\u043e\u043c\u0435\u043d\u0442\u0430\u0440\u0438\t\t<\/span>\n\t\t\t\t<\/div>\n\t\t\t\t\t<\/div>\n\t\t<\/article>\n\t\t\t\t<article class=\"elementor-post elementor-grid-item post-8089 post type-post status-publish format-standard hentry category-clanok tag-egrant tag-grant tag-grantove-vyzvy tag-vyzvy\">\n\t\t\t<div class=\"elementor-post__card\">\n\t\t\t\t<div class=\"elementor-post__text\">\n\t\t\t\t<h3 class=\"elementor-post__title\">\n\t\t\t<a href=\"https:\/\/egrant.sk\/bg\/vsetky-grantove-vyzvy-z-nasej-platformy-egrant-na-jednom-mieste\/\" >\n\t\t\t\t\u0412\u0441\u0438\u0447\u043a\u0438 \u043f\u043e\u043a\u0430\u043d\u0438 \u0437\u0430 \u043e\u0442\u043f\u0443\u0441\u043a\u0430\u043d\u0435 \u043d\u0430 \u0431\u0435\u0437\u0432\u044a\u0437\u043c\u0435\u0437\u0434\u043d\u0438 \u0441\u0440\u0435\u0434\u0441\u0442\u0432\u0430 \u043e\u0442 \u043d\u0430\u0448\u0430\u0442\u0430 \u043f\u043b\u0430\u0442\u0444\u043e\u0440\u043c\u0430 egrant \u043d\u0430 \u0435\u0434\u043d\u043e \u043c\u044f\u0441\u0442\u043e!\t\t\t<\/a>\n\t\t<\/h3>\n\t\t\t\t<div class=\"elementor-post__excerpt\">\n\t\t\t<p>\u041d\u0430\u043c\u0435\u0440\u0435\u0442\u0435 \u0432\u0441\u0438\u0447\u043a\u0438 \u0430\u043a\u0442\u0443\u0430\u043b\u043d\u0438 \u043f\u043e\u043a\u0430\u043d\u0438 \u0437\u0430 \u043e\u0442\u043f\u0443\u0441\u043a\u0430\u043d\u0435 \u043d\u0430 \u0431\u0435\u0437\u0432\u044a\u0437\u043c\u0435\u0437\u0434\u043d\u0438 \u0441\u0440\u0435\u0434\u0441\u0442\u0432\u0430, \u043f\u0443\u0431\u043b\u0438\u043a\u0443\u0432\u0430\u043d\u0438 \u0447\u0440\u0435\u0437 egrant, \u043d\u0430 \u0435\u0434\u043d\u043e \u043c\u044f\u0441\u0442\u043e! \u042f\u0441\u043d\u043e\u0442\u043e \u0442\u044a\u0440\u0441\u0435\u043d\u0435 \u0438 \u0444\u0438\u043b\u0442\u0440\u0438\u0440\u0430\u043d\u0435 \u0432 egrant.sk \u0449\u0435 \u0432\u0438 \u0441\u043f\u0435\u0441\u0442\u0438 \u0432\u0440\u0435\u043c\u0435.<\/p>\n\t\t<\/div>\n\t\t\t\t<\/div>\n\t\t\t\t<div class=\"elementor-post__meta-data\">\n\t\t\t\t\t<span class=\"elementor-post-date\">\n\t\t\t04\/06\/2025\t\t<\/span>\n\t\t\t\t<span class=\"elementor-post-avatar\">\n\t\t\t\u041d\u044f\u043c\u0430 \u043a\u043e\u043c\u0435\u043d\u0442\u0430\u0440\u0438\t\t<\/span>\n\t\t\t\t<\/div>\n\t\t\t\t\t<\/div>\n\t\t<\/article>\n\t\t\t\t<\/div>\n\t\t\n\t\t\t\t\t\t<\/div>\n\t\t\t\t<\/div>\n\t\t\t\t<\/div>\n\t\t\t\t<\/div>","protected":false},"excerpt":{"rendered":"<p>Chcete zlep\u0161i\u0165 svoje \u0161ance na z\u00edskanie e-grantov? Na\u0161a blog sekcia v\u00e1m prin\u00e1\u0161a aktu\u00e1lne inform\u00e1cie, praktick\u00e9 tipy a podrobn\u00e9 n\u00e1vody, ako \u00faspe\u0161ne prejs\u0165 procesom \u017eiadosti. Z\u00edskajte preh\u013ead o najnov\u0161\u00edch v\u00fdzvach, krit\u00e9ri\u00e1ch hodnotenia a \u010dast\u00fdch chyb\u00e1ch, ktor\u00fdm sa treba vyhn\u00fa\u0165.<\/p>","protected":false},"author":1,"featured_media":0,"parent":0,"menu_order":0,"comment_status":"closed","ping_status":"closed","template":"","meta":{"footnotes":""},"class_list":["post-7970","page","type-page","status-publish","hentry"],"blocksy_meta":[],"_links":{"self":[{"href":"https:\/\/egrant.sk\/bg\/wp-json\/wp\/v2\/pages\/7970","targetHints":{"allow":["GET"]}}],"collection":[{"href":"https:\/\/egrant.sk\/bg\/wp-json\/wp\/v2\/pages"}],"about":[{"href":"https:\/\/egrant.sk\/bg\/wp-json\/wp\/v2\/types\/page"}],"author":[{"embeddable":true,"href":"https:\/\/egrant.sk\/bg\/wp-json\/wp\/v2\/users\/1"}],"replies":[{"embeddable":true,"href":"https:\/\/egrant.sk\/bg\/wp-json\/wp\/v2\/comments?post=7970"}],"version-history":[{"count":22,"href":"https:\/\/egrant.sk\/bg\/wp-json\/wp\/v2\/pages\/7970\/revisions"}],"predecessor-version":[{"id":8613,"href":"https:\/\/egrant.sk\/bg\/wp-json\/wp\/v2\/pages\/7970\/revisions\/8613"}],"wp:attachment":[{"href":"https:\/\/egrant.sk\/bg\/wp-json\/wp\/v2\/media?parent=7970"}],"curies":[{"name":"wp","href":"https:\/\/api.w.org\/{rel}","templated":true}]}}