{"id":7970,"date":"2025-05-27T13:25:48","date_gmt":"2025-05-27T11:25:48","guid":{"rendered":"https:\/\/egrant.sk\/?page_id=7970"},"modified":"2025-06-18T07:38:50","modified_gmt":"2025-06-18T05:38:50","slug":"blog","status":"publish","type":"page","link":"https:\/\/egrant.sk\/cs\/blog\/","title":{"rendered":"Blog"},"content":{"rendered":"<div data-elementor-type=\"wp-page\" data-elementor-id=\"7970\" class=\"elementor elementor-7970\" data-elementor-post-type=\"page\">\n\t\t\t\t<div class=\"elementor-element elementor-element-15213eb e-con-full e-flex e-con e-parent\" data-id=\"15213eb\" data-element_type=\"container\">\n\t\t\t\t<div class=\"elementor-element elementor-element-5d8a01c elementor-widget elementor-widget-heading\" data-id=\"5d8a01c\" data-element_type=\"widget\" data-widget_type=\"heading.default\">\n\t\t\t\t<div class=\"elementor-widget-container\">\n\t\t\t\t\t<h1 class=\"elementor-heading-title elementor-size-default\">Blog<\/h1>\t\t\t\t<\/div>\n\t\t\t\t<\/div>\n\t\t\t\t<div class=\"elementor-element elementor-element-fecfa86 elementor-widget__width-inherit elementor-grid-3 elementor-grid-tablet-2 elementor-grid-mobile-1 elementor-posts--thumbnail-top elementor-posts--show-avatar elementor-card-shadow-yes elementor-posts__hover-gradient elementor-widget elementor-widget-posts\" data-id=\"fecfa86\" data-element_type=\"widget\" data-settings=\"{&quot;cards_columns&quot;:&quot;3&quot;,&quot;cards_columns_tablet&quot;:&quot;2&quot;,&quot;cards_columns_mobile&quot;:&quot;1&quot;,&quot;cards_row_gap&quot;:{&quot;unit&quot;:&quot;px&quot;,&quot;size&quot;:35,&quot;sizes&quot;:[]},&quot;cards_row_gap_tablet&quot;:{&quot;unit&quot;:&quot;px&quot;,&quot;size&quot;:&quot;&quot;,&quot;sizes&quot;:[]},&quot;cards_row_gap_mobile&quot;:{&quot;unit&quot;:&quot;px&quot;,&quot;size&quot;:&quot;&quot;,&quot;sizes&quot;:[]}}\" data-widget_type=\"posts.cards\">\n\t\t\t\t<div class=\"elementor-widget-container\">\n\t\t\t\t\t\t\t<div class=\"elementor-posts-container elementor-posts elementor-posts--skin-cards elementor-grid\">\n\t\t\t\t<article class=\"elementor-post elementor-grid-item post-8091 post type-post status-publish format-standard hentry category-clanok tag-egrant tag-navigacia\">\n\t\t\t<div class=\"elementor-post__card\">\n\t\t\t\t<div class=\"elementor-post__text\">\n\t\t\t\t<h3 class=\"elementor-post__title\">\n\t\t\t<a href=\"https:\/\/egrant.sk\/cs\/potrebujete-sa-prihlasit-do-systemu-egrant\/\" >\n\t\t\t\tPot\u0159ebujete se p\u0159ihl\u00e1sit do syst\u00e9mu egrant konkr\u00e9tn\u00ed instituce? Najd\u011bte p\u0159ihla\u0161ovac\u00ed str\u00e1nku snadno a rychle!\t\t\t<\/a>\n\t\t<\/h3>\n\t\t\t\t<div class=\"elementor-post__excerpt\">\n\t\t\t<p>Pot\u0159ebujete se p\u0159ihl\u00e1sit do syst\u00e9mu egrant konkr\u00e9tn\u00ed instituce? Rychl\u00fd p\u0159\u00edstup k p\u0159ihla\u0161ovac\u00edm str\u00e1nk\u00e1m najdete na egrant.sk. U\u0161et\u0159ete \u010das!<\/p>\n\t\t<\/div>\n\t\t\t\t<\/div>\n\t\t\t\t<div class=\"elementor-post__meta-data\">\n\t\t\t\t\t<span class=\"elementor-post-date\">\n\t\t\t04\/06\/2025\t\t<\/span>\n\t\t\t\t<span class=\"elementor-post-avatar\">\n\t\t\t\u017d\u00e1dn\u00e9 koment\u00e1\u0159e\t\t<\/span>\n\t\t\t\t<\/div>\n\t\t\t\t\t<\/div>\n\t\t<\/article>\n\t\t\t\t<article class=\"elementor-post elementor-grid-item post-8089 post type-post status-publish format-standard hentry category-clanok tag-egrant tag-grant tag-grantove-vyzvy tag-vyzvy\">\n\t\t\t<div class=\"elementor-post__card\">\n\t\t\t\t<div class=\"elementor-post__text\">\n\t\t\t\t<h3 class=\"elementor-post__title\">\n\t\t\t<a href=\"https:\/\/egrant.sk\/cs\/vsetky-grantove-vyzvy-z-nasej-platformy-egrant-na-jednom-mieste\/\" >\n\t\t\t\tV\u0161echny grantov\u00e9 v\u00fdzvy z na\u0161\u00ed platformy egrant na jednom m\u00edst\u011b!\t\t\t<\/a>\n\t\t<\/h3>\n\t\t\t\t<div class=\"elementor-post__excerpt\">\n\t\t\t<p>Najd\u011bte v\u0161echny aktu\u00e1ln\u00ed grantov\u00e9 v\u00fdzvy zve\u0159ejn\u011bn\u00e9 prost\u0159ednictv\u00edm aplikace egrant na jednom m\u00edst\u011b! P\u0159ehledn\u00e9 vyhled\u00e1v\u00e1n\u00ed a filtrov\u00e1n\u00ed na egrant.sk v\u00e1m u\u0161et\u0159\u00ed \u010das.<\/p>\n\t\t<\/div>\n\t\t\t\t<\/div>\n\t\t\t\t<div class=\"elementor-post__meta-data\">\n\t\t\t\t\t<span class=\"elementor-post-date\">\n\t\t\t04\/06\/2025\t\t<\/span>\n\t\t\t\t<span class=\"elementor-post-avatar\">\n\t\t\t\u017d\u00e1dn\u00e9 koment\u00e1\u0159e\t\t<\/span>\n\t\t\t\t<\/div>\n\t\t\t\t\t<\/div>\n\t\t<\/article>\n\t\t\t\t<\/div>\n\t\t\n\t\t\t\t\t\t<\/div>\n\t\t\t\t<\/div>\n\t\t\t\t<\/div>\n\t\t\t\t<\/div>","protected":false},"excerpt":{"rendered":"<p>Chcete zlep\u0161i\u0165 svoje \u0161ance na z\u00edskanie e-grantov? Na\u0161a blog sekcia v\u00e1m prin\u00e1\u0161a aktu\u00e1lne inform\u00e1cie, praktick\u00e9 tipy a podrobn\u00e9 n\u00e1vody, ako \u00faspe\u0161ne prejs\u0165 procesom \u017eiadosti. Z\u00edskajte preh\u013ead o najnov\u0161\u00edch v\u00fdzvach, krit\u00e9ri\u00e1ch hodnotenia a \u010dast\u00fdch chyb\u00e1ch, ktor\u00fdm sa treba vyhn\u00fa\u0165.<\/p>","protected":false},"author":1,"featured_media":0,"parent":0,"menu_order":0,"comment_status":"closed","ping_status":"closed","template":"","meta":{"footnotes":""},"class_list":["post-7970","page","type-page","status-publish","hentry"],"blocksy_meta":[],"_links":{"self":[{"href":"https:\/\/egrant.sk\/cs\/wp-json\/wp\/v2\/pages\/7970","targetHints":{"allow":["GET"]}}],"collection":[{"href":"https:\/\/egrant.sk\/cs\/wp-json\/wp\/v2\/pages"}],"about":[{"href":"https:\/\/egrant.sk\/cs\/wp-json\/wp\/v2\/types\/page"}],"author":[{"embeddable":true,"href":"https:\/\/egrant.sk\/cs\/wp-json\/wp\/v2\/users\/1"}],"replies":[{"embeddable":true,"href":"https:\/\/egrant.sk\/cs\/wp-json\/wp\/v2\/comments?post=7970"}],"version-history":[{"count":22,"href":"https:\/\/egrant.sk\/cs\/wp-json\/wp\/v2\/pages\/7970\/revisions"}],"predecessor-version":[{"id":8613,"href":"https:\/\/egrant.sk\/cs\/wp-json\/wp\/v2\/pages\/7970\/revisions\/8613"}],"wp:attachment":[{"href":"https:\/\/egrant.sk\/cs\/wp-json\/wp\/v2\/media?parent=7970"}],"curies":[{"name":"wp","href":"https:\/\/api.w.org\/{rel}","templated":true}]}}