{"id":8946,"date":"2026-02-02T11:39:06","date_gmt":"2026-02-02T10:39:06","guid":{"rendered":"https:\/\/egrant.sk\/?page_id=8946"},"modified":"2026-04-12T17:40:58","modified_gmt":"2026-04-12T15:40:58","slug":"webinare","status":"publish","type":"page","link":"https:\/\/egrant.sk\/cs\/sprievodca\/webinare\/","title":{"rendered":"Webov\u00e9 semin\u00e1\u0159e"},"content":{"rendered":"<div data-elementor-type=\"wp-page\" data-elementor-id=\"8946\" class=\"elementor elementor-8946\" data-elementor-post-type=\"page\">\n\t\t\t\t<div class=\"elementor-element elementor-element-42f5621 e-flex e-con-boxed e-con e-parent\" data-id=\"42f5621\" data-element_type=\"container\" data-settings=\"{&quot;background_background&quot;:&quot;classic&quot;}\">\n\t\t\t\t\t<div class=\"e-con-inner\">\n\t\t\t\t<div class=\"elementor-element elementor-element-e073a6c elementor-widget elementor-widget-spacer\" data-id=\"e073a6c\" data-element_type=\"widget\" data-widget_type=\"spacer.default\">\n\t\t\t\t<div class=\"elementor-widget-container\">\n\t\t\t\t\t\t\t<div class=\"elementor-spacer\">\n\t\t\t<div class=\"elementor-spacer-inner\"><\/div>\n\t\t<\/div>\n\t\t\t\t\t\t<\/div>\n\t\t\t\t<\/div>\n\t\t\t\t<div class=\"elementor-element elementor-element-46b39ee elementor-widget elementor-widget-heading\" data-id=\"46b39ee\" data-element_type=\"widget\" data-widget_type=\"heading.default\">\n\t\t\t\t<div class=\"elementor-widget-container\">\n\t\t\t\t\t<h2 class=\"elementor-heading-title elementor-size-default\">Webov\u00e9 semin\u00e1\u0159e<\/h2>\t\t\t\t<\/div>\n\t\t\t\t<\/div>\n\t\t\t\t<div class=\"elementor-element elementor-element-e05cc8b elementor-widget elementor-widget-spacer\" data-id=\"e05cc8b\" data-element_type=\"widget\" data-widget_type=\"spacer.default\">\n\t\t\t\t<div class=\"elementor-widget-container\">\n\t\t\t\t\t\t\t<div class=\"elementor-spacer\">\n\t\t\t<div class=\"elementor-spacer-inner\"><\/div>\n\t\t<\/div>\n\t\t\t\t\t\t<\/div>\n\t\t\t\t<\/div>\n\t\t\t\t\t<\/div>\n\t\t\t\t<\/div>\n\t\t<div class=\"elementor-element elementor-element-70ce221 e-flex e-con-boxed e-con e-parent\" data-id=\"70ce221\" data-element_type=\"container\">\n\t\t\t\t\t<div class=\"e-con-inner\">\n\t\t<div class=\"elementor-element elementor-element-28f3aa9 e-con-full e-flex e-con e-child\" data-id=\"28f3aa9\" data-element_type=\"container\">\n\t\t\t\t<div class=\"elementor-element elementor-element-2857811 elementor-widget elementor-widget-text-editor\" data-id=\"2857811\" data-element_type=\"widget\" data-widget_type=\"text-editor.default\">\n\t\t\t\t<div class=\"elementor-widget-container\">\n\t\t\t\t\t\t\t\t\t<h3>Webin\u00e1r 9.4.2026- Zmenov\u00e9 formul\u00e1re<\/h3>\t\t\t\t\t\t\t\t<\/div>\n\t\t\t\t<\/div>\n\t\t\t\t<div class=\"elementor-element elementor-element-6b6ad92 elementor-widget elementor-widget-spacer\" data-id=\"6b6ad92\" data-element_type=\"widget\" data-widget_type=\"spacer.default\">\n\t\t\t\t<div class=\"elementor-widget-container\">\n\t\t\t\t\t\t\t<div class=\"elementor-spacer\">\n\t\t\t<div class=\"elementor-spacer-inner\"><\/div>\n\t\t<\/div>\n\t\t\t\t\t\t<\/div>\n\t\t\t\t<\/div>\n\t\t\t\t<div class=\"elementor-element elementor-element-ee6402b elementor-button-success elementor-align-left elementor-widget elementor-widget-button\" data-id=\"ee6402b\" data-element_type=\"widget\" data-widget_type=\"button.default\">\n\t\t\t\t<div class=\"elementor-widget-container\">\n\t\t\t\t\t\t\t\t\t<div class=\"elementor-button-wrapper\">\n\t\t\t\t\t<a class=\"elementor-button elementor-button-link elementor-size-sm\" href=\"https:\/\/egrant.sk\/wp-content\/uploads\/2026\/04\/5.-zmenove-formulare.pdf\" target=\"_blank\">\n\t\t\t\t\t\t<span class=\"elementor-button-content-wrapper\">\n\t\t\t\t\t\t\t\t\t<span class=\"elementor-button-text\">Stiahnu\u0165 prezent\u00e1ciu<\/span>\n\t\t\t\t\t<\/span>\n\t\t\t\t\t<\/a>\n\t\t\t\t<\/div>\n\t\t\t\t\t\t\t\t<\/div>\n\t\t\t\t<\/div>\n\t\t\t\t<div class=\"elementor-element elementor-element-c396b38 elementor-widget elementor-widget-spacer\" data-id=\"c396b38\" data-element_type=\"widget\" data-widget_type=\"spacer.default\">\n\t\t\t\t<div class=\"elementor-widget-container\">\n\t\t\t\t\t\t\t<div class=\"elementor-spacer\">\n\t\t\t<div class=\"elementor-spacer-inner\"><\/div>\n\t\t<\/div>\n\t\t\t\t\t\t<\/div>\n\t\t\t\t<\/div>\n\t\t\t\t<div class=\"elementor-element elementor-element-b0350b3 elementor-widget elementor-widget-html\" data-id=\"b0350b3\" data-element_type=\"widget\" data-widget_type=\"html.default\">\n\t\t\t\t<div class=\"elementor-widget-container\">\n\t\t\t\t\t<iframe width=\"100%\" height=\"360\"\nsrc=\"https:\/\/www.youtube.com\/embed\/JPysn0PRdpo\"\ntitle=\"Webinar noviniek 2026\"\nframeborder=\"0\"\nallow=\"accelerometer; autoplay; clipboard-write; encrypted-media; gyroscope; picture-in-picture\"\nallowfullscreen>\n<\/iframe>\t\t\t\t<\/div>\n\t\t\t\t<\/div>\n\t\t\t\t<div class=\"elementor-element elementor-element-b586f26 elementor-widget elementor-widget-spacer\" data-id=\"b586f26\" data-element_type=\"widget\" data-widget_type=\"spacer.default\">\n\t\t\t\t<div class=\"elementor-widget-container\">\n\t\t\t\t\t\t\t<div class=\"elementor-spacer\">\n\t\t\t<div class=\"elementor-spacer-inner\"><\/div>\n\t\t<\/div>\n\t\t\t\t\t\t<\/div>\n\t\t\t\t<\/div>\n\t\t\t\t<\/div>\n\t\t<div class=\"elementor-element elementor-element-2bcd763 e-con-full e-flex e-con e-child\" data-id=\"2bcd763\" data-element_type=\"container\">\n\t\t\t\t<\/div>\n\t\t\t\t<div class=\"elementor-element elementor-element-e8b9e2e elementor-widget elementor-widget-spacer\" data-id=\"e8b9e2e\" data-element_type=\"widget\" data-widget_type=\"spacer.default\">\n\t\t\t\t<div class=\"elementor-widget-container\">\n\t\t\t\t\t\t\t<div class=\"elementor-spacer\">\n\t\t\t<div class=\"elementor-spacer-inner\"><\/div>\n\t\t<\/div>\n\t\t\t\t\t\t<\/div>\n\t\t\t\t<\/div>\n\t\t\t\t\t<\/div>\n\t\t\t\t<\/div>\n\t\t<div class=\"elementor-element elementor-element-ace9ae1 e-flex e-con-boxed e-con e-parent\" data-id=\"ace9ae1\" data-element_type=\"container\">\n\t\t\t\t\t<div class=\"e-con-inner\">\n\t\t<div class=\"elementor-element elementor-element-faa22f7 e-con-full e-flex e-con e-child\" data-id=\"faa22f7\" data-element_type=\"container\">\n\t\t\t\t<div class=\"elementor-element elementor-element-54a5e69 elementor-widget elementor-widget-text-editor\" data-id=\"54a5e69\" data-element_type=\"widget\" data-widget_type=\"text-editor.default\">\n\t\t\t\t<div class=\"elementor-widget-container\">\n\t\t\t\t\t\t\t\t\t<h3>Webin\u00e1r 26.3.2026 &#8211; Proces vr\u00e1tenia formul\u00e1rov, hodnotenie a notifik\u00e1cie<\/h3>\t\t\t\t\t\t\t\t<\/div>\n\t\t\t\t<\/div>\n\t\t\t\t<div class=\"elementor-element elementor-element-d46a450 elementor-widget elementor-widget-spacer\" data-id=\"d46a450\" data-element_type=\"widget\" data-widget_type=\"spacer.default\">\n\t\t\t\t<div class=\"elementor-widget-container\">\n\t\t\t\t\t\t\t<div class=\"elementor-spacer\">\n\t\t\t<div class=\"elementor-spacer-inner\"><\/div>\n\t\t<\/div>\n\t\t\t\t\t\t<\/div>\n\t\t\t\t<\/div>\n\t\t\t\t<div class=\"elementor-element elementor-element-34d6aee elementor-button-success elementor-align-left elementor-widget elementor-widget-button\" data-id=\"34d6aee\" data-element_type=\"widget\" data-widget_type=\"button.default\">\n\t\t\t\t<div class=\"elementor-widget-container\">\n\t\t\t\t\t\t\t\t\t<div class=\"elementor-button-wrapper\">\n\t\t\t\t\t<a class=\"elementor-button elementor-button-link elementor-size-sm\" href=\"https:\/\/egrant.sk\/wp-content\/uploads\/2026\/04\/4.-webinar-hodnotenie-otvaranie-ziadosti-notifikacienovinky.pdf\" target=\"_blank\">\n\t\t\t\t\t\t<span class=\"elementor-button-content-wrapper\">\n\t\t\t\t\t\t\t\t\t<span class=\"elementor-button-text\">Stiahnu\u0165 prezent\u00e1ciu<\/span>\n\t\t\t\t\t<\/span>\n\t\t\t\t\t<\/a>\n\t\t\t\t<\/div>\n\t\t\t\t\t\t\t\t<\/div>\n\t\t\t\t<\/div>\n\t\t\t\t<div class=\"elementor-element elementor-element-a6acdf7 elementor-widget elementor-widget-spacer\" data-id=\"a6acdf7\" data-element_type=\"widget\" data-widget_type=\"spacer.default\">\n\t\t\t\t<div class=\"elementor-widget-container\">\n\t\t\t\t\t\t\t<div class=\"elementor-spacer\">\n\t\t\t<div class=\"elementor-spacer-inner\"><\/div>\n\t\t<\/div>\n\t\t\t\t\t\t<\/div>\n\t\t\t\t<\/div>\n\t\t\t\t<div class=\"elementor-element elementor-element-d06861a elementor-widget elementor-widget-html\" data-id=\"d06861a\" data-element_type=\"widget\" data-widget_type=\"html.default\">\n\t\t\t\t<div class=\"elementor-widget-container\">\n\t\t\t\t\t<iframe width=\"100%\" height=\"360\"\nsrc=\"https:\/\/www.youtube.com\/embed\/C35lfNGjIfg\"\ntitle=\"Webinar noviniek 2026\"\nframeborder=\"0\"\nallow=\"accelerometer; autoplay; clipboard-write; encrypted-media; gyroscope; picture-in-picture\"\nallowfullscreen>\n<\/iframe>\t\t\t\t<\/div>\n\t\t\t\t<\/div>\n\t\t\t\t<div class=\"elementor-element elementor-element-b5b1b6e elementor-widget elementor-widget-spacer\" data-id=\"b5b1b6e\" data-element_type=\"widget\" data-widget_type=\"spacer.default\">\n\t\t\t\t<div class=\"elementor-widget-container\">\n\t\t\t\t\t\t\t<div class=\"elementor-spacer\">\n\t\t\t<div class=\"elementor-spacer-inner\"><\/div>\n\t\t<\/div>\n\t\t\t\t\t\t<\/div>\n\t\t\t\t<\/div>\n\t\t\t\t<\/div>\n\t\t<div class=\"elementor-element elementor-element-94fcc91 e-con-full e-flex e-con e-child\" data-id=\"94fcc91\" data-element_type=\"container\">\n\t\t\t\t<div class=\"elementor-element elementor-element-21da116 elementor-widget elementor-widget-text-editor\" data-id=\"21da116\" data-element_type=\"widget\" data-widget_type=\"text-editor.default\">\n\t\t\t\t<div class=\"elementor-widget-container\">\n\t\t\t\t\t\t\t\t\t<h3>Webin\u00e1r 5.3.2026 &#8211; Tvorba zml\u00fav<\/h3><p>\u00a0<\/p>\t\t\t\t\t\t\t\t<\/div>\n\t\t\t\t<\/div>\n\t\t\t\t<div class=\"elementor-element elementor-element-58e9bee elementor-widget elementor-widget-spacer\" data-id=\"58e9bee\" data-element_type=\"widget\" data-widget_type=\"spacer.default\">\n\t\t\t\t<div class=\"elementor-widget-container\">\n\t\t\t\t\t\t\t<div class=\"elementor-spacer\">\n\t\t\t<div class=\"elementor-spacer-inner\"><\/div>\n\t\t<\/div>\n\t\t\t\t\t\t<\/div>\n\t\t\t\t<\/div>\n\t\t\t\t<div class=\"elementor-element elementor-element-4ffe3f1 elementor-button-success elementor-align-left elementor-widget elementor-widget-button\" data-id=\"4ffe3f1\" data-element_type=\"widget\" data-widget_type=\"button.default\">\n\t\t\t\t<div class=\"elementor-widget-container\">\n\t\t\t\t\t\t\t\t\t<div class=\"elementor-button-wrapper\">\n\t\t\t\t\t<a class=\"elementor-button elementor-button-link elementor-size-sm\" href=\"https:\/\/egrant.sk\/wp-content\/uploads\/2026\/03\/3.-webinar-tvorba-zmluvy-2.pdf\" target=\"_blank\">\n\t\t\t\t\t\t<span class=\"elementor-button-content-wrapper\">\n\t\t\t\t\t\t\t\t\t<span class=\"elementor-button-text\">Stiahnu\u0165 prezent\u00e1ciu<\/span>\n\t\t\t\t\t<\/span>\n\t\t\t\t\t<\/a>\n\t\t\t\t<\/div>\n\t\t\t\t\t\t\t\t<\/div>\n\t\t\t\t<\/div>\n\t\t\t\t<div class=\"elementor-element elementor-element-509989c elementor-widget elementor-widget-spacer\" data-id=\"509989c\" data-element_type=\"widget\" data-widget_type=\"spacer.default\">\n\t\t\t\t<div class=\"elementor-widget-container\">\n\t\t\t\t\t\t\t<div class=\"elementor-spacer\">\n\t\t\t<div class=\"elementor-spacer-inner\"><\/div>\n\t\t<\/div>\n\t\t\t\t\t\t<\/div>\n\t\t\t\t<\/div>\n\t\t\t\t<div class=\"elementor-element elementor-element-57e0e75 elementor-widget elementor-widget-html\" data-id=\"57e0e75\" data-element_type=\"widget\" data-widget_type=\"html.default\">\n\t\t\t\t<div class=\"elementor-widget-container\">\n\t\t\t\t\t<iframe width=\"100%\" height=\"360\"\nsrc=\"https:\/\/www.youtube.com\/embed\/n4MTZgwtY2Q\"\ntitle=\"Webinar noviniek 2026\"\nframeborder=\"0\"\nallow=\"accelerometer; autoplay; clipboard-write; encrypted-media; gyroscope; picture-in-picture\"\nallowfullscreen>\n<\/iframe>\t\t\t\t<\/div>\n\t\t\t\t<\/div>\n\t\t\t\t<div class=\"elementor-element elementor-element-8eba638 elementor-widget elementor-widget-spacer\" data-id=\"8eba638\" data-element_type=\"widget\" data-widget_type=\"spacer.default\">\n\t\t\t\t<div class=\"elementor-widget-container\">\n\t\t\t\t\t\t\t<div class=\"elementor-spacer\">\n\t\t\t<div class=\"elementor-spacer-inner\"><\/div>\n\t\t<\/div>\n\t\t\t\t\t\t<\/div>\n\t\t\t\t<\/div>\n\t\t\t\t<\/div>\n\t\t\t\t<div class=\"elementor-element elementor-element-5cad465 elementor-widget elementor-widget-spacer\" data-id=\"5cad465\" data-element_type=\"widget\" data-widget_type=\"spacer.default\">\n\t\t\t\t<div class=\"elementor-widget-container\">\n\t\t\t\t\t\t\t<div class=\"elementor-spacer\">\n\t\t\t<div class=\"elementor-spacer-inner\"><\/div>\n\t\t<\/div>\n\t\t\t\t\t\t<\/div>\n\t\t\t\t<\/div>\n\t\t<div class=\"elementor-element elementor-element-7cb4cf4 e-con-full e-flex e-con e-child\" data-id=\"7cb4cf4\" data-element_type=\"container\">\n\t\t\t\t<div class=\"elementor-element elementor-element-6db1865 elementor-widget__width-auto elementor-widget elementor-widget-heading\" data-id=\"6db1865\" data-element_type=\"widget\" data-widget_type=\"heading.default\">\n\t\t\t\t<div class=\"elementor-widget-container\">\n\t\t\t\t\t<h3 class=\"elementor-heading-title elementor-size-default\"><h3>\n\nTutori\u00e1l notifik\u00e1cie, oznamy a proces schva\u013eovania<\/h3><\/h3>\t\t\t\t<\/div>\n\t\t\t\t<\/div>\n\t\t\t\t<div class=\"elementor-element elementor-element-b9d0b49 elementor-button-success elementor-align-left elementor-widget elementor-widget-button\" data-id=\"b9d0b49\" data-element_type=\"widget\" data-widget_type=\"button.default\">\n\t\t\t\t<div class=\"elementor-widget-container\">\n\t\t\t\t\t\t\t\t\t<div class=\"elementor-button-wrapper\">\n\t\t\t\t\t<a class=\"elementor-button elementor-button-link elementor-size-sm\" href=\"https:\/\/egrant.sk\/wp-content\/uploads\/2026\/03\/Tutorial-notifikacie-oznamy-a-proces-schvalovania.pdf\" target=\"_blank\">\n\t\t\t\t\t\t<span class=\"elementor-button-content-wrapper\">\n\t\t\t\t\t\t\t\t\t<span class=\"elementor-button-text\">Stiahnu\u0165 prezent\u00e1ciu<\/span>\n\t\t\t\t\t<\/span>\n\t\t\t\t\t<\/a>\n\t\t\t\t<\/div>\n\t\t\t\t\t\t\t\t<\/div>\n\t\t\t\t<\/div>\n\t\t\t\t<\/div>\n\t\t\t\t\t<\/div>\n\t\t\t\t<\/div>\n\t\t<div class=\"elementor-element elementor-element-29f1b45 e-flex e-con-boxed e-con e-parent\" data-id=\"29f1b45\" data-element_type=\"container\">\n\t\t\t\t\t<div class=\"e-con-inner\">\n\t\t<div class=\"elementor-element elementor-element-ff516af e-con-full e-flex e-con e-child\" data-id=\"ff516af\" data-element_type=\"container\">\n\t\t\t\t<div class=\"elementor-element elementor-element-f702efb elementor-widget elementor-widget-text-editor\" data-id=\"f702efb\" data-element_type=\"widget\" data-widget_type=\"text-editor.default\">\n\t\t\t\t<div class=\"elementor-widget-container\">\n\t\t\t\t\t\t\t\t\t<h3>Webin\u00e1r 12.2.2026 &#8211; Elektronick\u00fd podpis<\/h3>\t\t\t\t\t\t\t\t<\/div>\n\t\t\t\t<\/div>\n\t\t\t\t<div class=\"elementor-element elementor-element-bda8449 elementor-widget elementor-widget-spacer\" data-id=\"bda8449\" data-element_type=\"widget\" data-widget_type=\"spacer.default\">\n\t\t\t\t<div class=\"elementor-widget-container\">\n\t\t\t\t\t\t\t<div class=\"elementor-spacer\">\n\t\t\t<div class=\"elementor-spacer-inner\"><\/div>\n\t\t<\/div>\n\t\t\t\t\t\t<\/div>\n\t\t\t\t<\/div>\n\t\t\t\t<div class=\"elementor-element elementor-element-eceaf6b elementor-button-success elementor-align-left elementor-widget elementor-widget-button\" data-id=\"eceaf6b\" data-element_type=\"widget\" data-widget_type=\"button.default\">\n\t\t\t\t<div class=\"elementor-widget-container\">\n\t\t\t\t\t\t\t\t\t<div class=\"elementor-button-wrapper\">\n\t\t\t\t\t<a class=\"elementor-button elementor-button-link elementor-size-sm\" href=\"https:\/\/egrant.sk\/wp-content\/uploads\/2026\/02\/EGRANT-webina\u0301r-12.2.pdf\" target=\"_blank\">\n\t\t\t\t\t\t<span class=\"elementor-button-content-wrapper\">\n\t\t\t\t\t\t\t\t\t<span class=\"elementor-button-text\">Stiahnu\u0165 prezent\u00e1ciu<\/span>\n\t\t\t\t\t<\/span>\n\t\t\t\t\t<\/a>\n\t\t\t\t<\/div>\n\t\t\t\t\t\t\t\t<\/div>\n\t\t\t\t<\/div>\n\t\t\t\t<div class=\"elementor-element elementor-element-f6f5deb elementor-widget elementor-widget-spacer\" data-id=\"f6f5deb\" data-element_type=\"widget\" data-widget_type=\"spacer.default\">\n\t\t\t\t<div class=\"elementor-widget-container\">\n\t\t\t\t\t\t\t<div class=\"elementor-spacer\">\n\t\t\t<div class=\"elementor-spacer-inner\"><\/div>\n\t\t<\/div>\n\t\t\t\t\t\t<\/div>\n\t\t\t\t<\/div>\n\t\t\t\t<div class=\"elementor-element elementor-element-f74c7a1 elementor-widget elementor-widget-html\" data-id=\"f74c7a1\" data-element_type=\"widget\" data-widget_type=\"html.default\">\n\t\t\t\t<div class=\"elementor-widget-container\">\n\t\t\t\t\t<iframe width=\"640\" height=\"360\" frameborder=\"0\" scrolling=\"no\"\n  src=\"https:\/\/www.youtube.com\/embed\/m0cgeS-S7wY\"\n  title=\"Webinar noviniek 2026\"\n  allow=\"accelerometer; autoplay; clipboard-write; encrypted-media; gyroscope; picture-in-picture\"\n  allowfullscreen>\n<\/iframe>\t\t\t\t<\/div>\n\t\t\t\t<\/div>\n\t\t\t\t<\/div>\n\t\t<div class=\"elementor-element elementor-element-46aed55 e-con-full e-flex e-con e-child\" data-id=\"46aed55\" data-element_type=\"container\">\n\t\t\t\t<div class=\"elementor-element elementor-element-2c0e56c elementor-widget elementor-widget-text-editor\" data-id=\"2c0e56c\" data-element_type=\"widget\" data-widget_type=\"text-editor.default\">\n\t\t\t\t<div class=\"elementor-widget-container\">\n\t\t\t\t\t\t\t\t\t<h3>\u00a0<span style=\"font-variant-ligatures: inherit; font-variant-caps: inherit; letter-spacing: 0.1px;\">Webin\u00e1r 27.1.2026 &#8211; Novinky<\/span><span style=\"font-variant-ligatures: inherit; font-variant-caps: inherit; letter-spacing: 0.1px; font-family: 'Roboto Condensed', sans-serif; font-size: 20px;\">\u00a0<\/span><\/h3>\t\t\t\t\t\t\t\t<\/div>\n\t\t\t\t<\/div>\n\t\t\t\t<div class=\"elementor-element elementor-element-a095d59 elementor-widget elementor-widget-spacer\" data-id=\"a095d59\" data-element_type=\"widget\" data-widget_type=\"spacer.default\">\n\t\t\t\t<div class=\"elementor-widget-container\">\n\t\t\t\t\t\t\t<div class=\"elementor-spacer\">\n\t\t\t<div class=\"elementor-spacer-inner\"><\/div>\n\t\t<\/div>\n\t\t\t\t\t\t<\/div>\n\t\t\t\t<\/div>\n\t\t\t\t<div class=\"elementor-element elementor-element-23bac09 elementor-button-success elementor-align-left elementor-widget elementor-widget-button\" data-id=\"23bac09\" data-element_type=\"widget\" data-widget_type=\"button.default\">\n\t\t\t\t<div class=\"elementor-widget-container\">\n\t\t\t\t\t\t\t\t\t<div class=\"elementor-button-wrapper\">\n\t\t\t\t\t<a class=\"elementor-button elementor-button-link elementor-size-sm\" href=\"https:\/\/egrant.sk\/wp-content\/uploads\/2026\/02\/EGRANT-webina\u0301r-27.1.-2.pdf\" target=\"_blank\">\n\t\t\t\t\t\t<span class=\"elementor-button-content-wrapper\">\n\t\t\t\t\t\t\t\t\t<span class=\"elementor-button-text\">Stiahnu\u0165 prezent\u00e1ciu<\/span>\n\t\t\t\t\t<\/span>\n\t\t\t\t\t<\/a>\n\t\t\t\t<\/div>\n\t\t\t\t\t\t\t\t<\/div>\n\t\t\t\t<\/div>\n\t\t\t\t<div class=\"elementor-element elementor-element-c034097 elementor-widget elementor-widget-spacer\" data-id=\"c034097\" data-element_type=\"widget\" data-widget_type=\"spacer.default\">\n\t\t\t\t<div class=\"elementor-widget-container\">\n\t\t\t\t\t\t\t<div class=\"elementor-spacer\">\n\t\t\t<div class=\"elementor-spacer-inner\"><\/div>\n\t\t<\/div>\n\t\t\t\t\t\t<\/div>\n\t\t\t\t<\/div>\n\t\t\t\t<div class=\"elementor-element elementor-element-79a08d4 elementor-widget elementor-widget-html\" data-id=\"79a08d4\" data-element_type=\"widget\" data-widget_type=\"html.default\">\n\t\t\t\t<div class=\"elementor-widget-container\">\n\t\t\t\t\t<iframe width=\"640\" height=\"360\" frameborder=\"0\" scrolling=\"no\"\n  src=\"https:\/\/www.youtube.com\/embed\/vyi9Cd4qNtQ\"\n  title=\"Webinar noviniek 2026\"\n  allow=\"accelerometer; autoplay; clipboard-write; encrypted-media; gyroscope; picture-in-picture\"\n  allowfullscreen>\n<\/iframe>\t\t\t\t<\/div>\n\t\t\t\t<\/div>\n\t\t\t\t<\/div>\n\t\t\t\t<div class=\"elementor-element elementor-element-bf85a61 elementor-widget elementor-widget-spacer\" data-id=\"bf85a61\" data-element_type=\"widget\" data-widget_type=\"spacer.default\">\n\t\t\t\t<div class=\"elementor-widget-container\">\n\t\t\t\t\t\t\t<div class=\"elementor-spacer\">\n\t\t\t<div class=\"elementor-spacer-inner\"><\/div>\n\t\t<\/div>\n\t\t\t\t\t\t<\/div>\n\t\t\t\t<\/div>\n\t\t<div class=\"elementor-element elementor-element-9218b66 e-con-full e-flex e-con e-child\" data-id=\"9218b66\" data-element_type=\"container\">\n\t\t\t\t<\/div>\n\t\t\t\t\t<\/div>\n\t\t\t\t<\/div>\n\t\t\t\t<\/div>","protected":false},"excerpt":{"rendered":"<p>Webin\u00e1re Webin\u00e1r 9.4.2026- Zmenov\u00e9 formul\u00e1re Stiahnu\u0165 prezent\u00e1ciu Webin\u00e1r 26.3.2026 &#8211; Proces vr\u00e1tenia formul\u00e1rov, hodnotenie a notifik\u00e1cie Stiahnu\u0165 prezent\u00e1ciu Webin\u00e1r 5.3.2026 &#8211; Tvorba zml\u00fav \u00a0 Stiahnu\u0165 prezent\u00e1ciu Tutori\u00e1l notifik\u00e1cie, oznamy a proces schva\u013eovania Stiahnu\u0165 prezent\u00e1ciu Webin\u00e1r 12.2.2026 &#8211; Elektronick\u00fd podpis Stiahnu\u0165 prezent\u00e1ciu \u00a0Webin\u00e1r 27.1.2026 &#8211; Novinky\u00a0 Stiahnu\u0165 prezent\u00e1ciu<\/p>","protected":false},"author":2,"featured_media":0,"parent":3078,"menu_order":0,"comment_status":"closed","ping_status":"closed","template":"","meta":{"footnotes":""},"class_list":["post-8946","page","type-page","status-publish","hentry"],"blocksy_meta":{"disable_header":"yes","styles_descriptor":{"styles":{"desktop":"","tablet":"","mobile":""},"google_fonts":[],"version":6}},"_links":{"self":[{"href":"https:\/\/egrant.sk\/cs\/wp-json\/wp\/v2\/pages\/8946","targetHints":{"allow":["GET"]}}],"collection":[{"href":"https:\/\/egrant.sk\/cs\/wp-json\/wp\/v2\/pages"}],"about":[{"href":"https:\/\/egrant.sk\/cs\/wp-json\/wp\/v2\/types\/page"}],"author":[{"embeddable":true,"href":"https:\/\/egrant.sk\/cs\/wp-json\/wp\/v2\/users\/2"}],"replies":[{"embeddable":true,"href":"https:\/\/egrant.sk\/cs\/wp-json\/wp\/v2\/comments?post=8946"}],"version-history":[{"count":125,"href":"https:\/\/egrant.sk\/cs\/wp-json\/wp\/v2\/pages\/8946\/revisions"}],"predecessor-version":[{"id":9191,"href":"https:\/\/egrant.sk\/cs\/wp-json\/wp\/v2\/pages\/8946\/revisions\/9191"}],"up":[{"embeddable":true,"href":"https:\/\/egrant.sk\/cs\/wp-json\/wp\/v2\/pages\/3078"}],"wp:attachment":[{"href":"https:\/\/egrant.sk\/cs\/wp-json\/wp\/v2\/media?parent=8946"}],"curies":[{"name":"wp","href":"https:\/\/api.w.org\/{rel}","templated":true}]}}