{"id":8268,"date":"2025-06-04T10:04:31","date_gmt":"2025-06-04T08:04:31","guid":{"rendered":"https:\/\/egrant.sk\/newsletter\/"},"modified":"2025-06-04T15:01:11","modified_gmt":"2025-06-04T13:01:11","slug":"newsletter","status":"publish","type":"page","link":"https:\/\/egrant.sk\/en\/newsletter\/","title":{"rendered":"Newsletter"},"content":{"rendered":"<div data-elementor-type=\"wp-page\" data-elementor-id=\"8268\" class=\"elementor elementor-8268\" data-elementor-post-type=\"page\">\n\t\t\t\t<div class=\"elementor-element elementor-element-6784f99 e-flex e-con-boxed e-con e-parent\" data-id=\"6784f99\" data-element_type=\"container\">\n\t\t\t\t\t<div class=\"e-con-inner\">\n\t\t\t\t<div class=\"elementor-element elementor-element-220249a1 elementor-widget elementor-widget-text-editor\" data-id=\"220249a1\" data-element_type=\"widget\" data-widget_type=\"text-editor.default\">\n\t\t\t\t<div class=\"elementor-widget-container\">\n\t\t\t\t\t\t\t\t\t<div class=\"tnp tnp-subscription\">\n<form method=\"post\" action=\"https:\/\/egrant.sk\/wp-admin\/admin-ajax.php?action=tnp&amp;na=s\">\n<input type=\"hidden\" name=\"nlang\" value=\"\">\n<div class=\"tnp-field tnp-field-firstname\"><label for=\"tnp-1\">Meno<\/label>\n<input class=\"tnp-name\" type=\"text\" name=\"nn\" id=\"tnp-1\" value=\"\" placeholder=\"\"><\/div>\n<div class=\"tnp-field tnp-field-surname\"><label for=\"tnp-2\">Priezvisko<\/label>\n<input class=\"tnp-surname\" type=\"text\" name=\"ns\" id=\"tnp-2\" value=\"\" placeholder=\"\"><\/div><div class=\"tnp-field tnp-field-email\"><label for=\"tnp-3\">Email<\/label>\n<input class=\"tnp-email\" type=\"email\" name=\"ne\" id=\"tnp-3\" value=\"\" placeholder=\"\" required><\/div>\n<div class=\"tnp-field tnp-privacy-field\"><label><input type=\"checkbox\" name=\"ny\" required class=\"tnp-privacy\"> <a target=\"_blank\" href=\"https:\/\/egrant.sk\/en\/ochrana-osobnych-udajov\/\">S\u00fahlas\u00edm so spracovan\u00edm \u00fadajov<\/a><\/label><\/div><div class=\"tnp-field tnp-field-button\" style=\"text-align: left\"><input class=\"tnp-submit\" type=\"submit\" value=\"Odobera\u0165\" style=\"\">\n<\/div>\n<\/form>\n<\/div>\n\t\t\t\t\t\t\t\t<\/div>\n\t\t\t\t<\/div>\n\t\t\t\t\t<\/div>\n\t\t\t\t<\/div>\n\t\t\t\t<\/div>","protected":false},"excerpt":{"rendered":"","protected":false},"author":3,"featured_media":0,"parent":0,"menu_order":0,"comment_status":"closed","ping_status":"closed","template":"","meta":{"footnotes":""},"class_list":["post-8268","page","type-page","status-publish","hentry"],"blocksy_meta":[],"_links":{"self":[{"href":"https:\/\/egrant.sk\/en\/wp-json\/wp\/v2\/pages\/8268","targetHints":{"allow":["GET"]}}],"collection":[{"href":"https:\/\/egrant.sk\/en\/wp-json\/wp\/v2\/pages"}],"about":[{"href":"https:\/\/egrant.sk\/en\/wp-json\/wp\/v2\/types\/page"}],"author":[{"embeddable":true,"href":"https:\/\/egrant.sk\/en\/wp-json\/wp\/v2\/users\/3"}],"replies":[{"embeddable":true,"href":"https:\/\/egrant.sk\/en\/wp-json\/wp\/v2\/comments?post=8268"}],"version-history":[{"count":4,"href":"https:\/\/egrant.sk\/en\/wp-json\/wp\/v2\/pages\/8268\/revisions"}],"predecessor-version":[{"id":8277,"href":"https:\/\/egrant.sk\/en\/wp-json\/wp\/v2\/pages\/8268\/revisions\/8277"}],"wp:attachment":[{"href":"https:\/\/egrant.sk\/en\/wp-json\/wp\/v2\/media?parent=8268"}],"curies":[{"name":"wp","href":"https:\/\/api.w.org\/{rel}","templated":true}]}}