{"id":8791,"date":"2025-10-06T10:14:52","date_gmt":"2025-10-06T08:14:52","guid":{"rendered":"https:\/\/egrant.sk\/?page_id=8791"},"modified":"2025-10-06T10:21:14","modified_gmt":"2025-10-06T08:21:14","slug":"eticky-kodex-hodnotitelov","status":"publish","type":"page","link":"https:\/\/egrant.sk\/et\/eticky-kodex-hodnotitelov\/","title":{"rendered":"Hindajate eetikakoodeks"},"content":{"rendered":"<div data-elementor-type=\"wp-page\" data-elementor-id=\"8791\" class=\"elementor elementor-8791\" data-elementor-post-type=\"page\">\n\t\t\t\t<div class=\"elementor-element elementor-element-4b6b087 e-flex e-con-boxed e-con e-parent\" data-id=\"4b6b087\" data-element_type=\"container\">\n\t\t\t\t\t<div class=\"e-con-inner\">\n\t\t<div class=\"elementor-element elementor-element-3eedad6 e-con-full e-flex e-con e-child\" data-id=\"3eedad6\" data-element_type=\"container\">\n\t\t<div class=\"elementor-element elementor-element-c4ab333 e-con-full e-flex e-con e-child\" data-id=\"c4ab333\" data-element_type=\"container\">\n\t\t<header class=\"elementor-element elementor-element-3771a10 e-con-full e-flex e-con e-child\" data-id=\"3771a10\" data-element_type=\"container\">\n\t\t\t\t<div class=\"elementor-element elementor-element-1c1af2c elementor-widget elementor-widget-heading\" data-id=\"1c1af2c\" data-element_type=\"widget\" data-widget_type=\"heading.default\">\n\t\t\t\t<div class=\"elementor-widget-container\">\n\t\t\t\t\t<h1 class=\"elementor-heading-title elementor-size-default\"><strong style=\"caret-color: rgb(0, 0, 0); color: rgb(0, 0, 0); text-align: start; white-space: normal;\">Hindajate eetikakoodeks<\/strong><\/h1>\t\t\t\t<\/div>\n\t\t\t\t<\/div>\n\t\t\t\t<div class=\"elementor-element elementor-element-e7582d3 elementor-widget elementor-widget-spacer\" data-id=\"e7582d3\" data-element_type=\"widget\" data-widget_type=\"spacer.default\">\n\t\t\t\t<div class=\"elementor-widget-container\">\n\t\t\t\t\t\t\t<div class=\"elementor-spacer\">\n\t\t\t<div class=\"elementor-spacer-inner\"><\/div>\n\t\t<\/div>\n\t\t\t\t\t\t<\/div>\n\t\t\t\t<\/div>\n\t\t\t\t<div class=\"elementor-element elementor-element-26371c6 elementor-widget__width-inherit elementor-widget elementor-widget-text-editor\" data-id=\"26371c6\" data-element_type=\"widget\" data-widget_type=\"text-editor.default\">\n\t\t\t\t<div class=\"elementor-widget-container\">\n\t\t\t\t\t\t\t\t\t<p style=\"font-weight: 400;\">Toetatavate projektide \u00fcle otsustab v\u00e4line ekspertkomisjon, mille liikmed kohustuvad tegutsema koosk\u00f5las tegevusjuhendiga:<\/p><ol><li style=\"font-weight: 400;\">Hindajal ei tohi olla taotlejate suhtes huvide konflikt seoses hindamisega.<\/li><li style=\"font-weight: 400;\"><span style=\"font-family: inherit; font-size: inherit; font-style: inherit; font-variant-caps: inherit; letter-spacing: var(--theme-letter-spacing); text-transform: var(--theme-text-transform); text-decoration: var(--theme-text-decoration);\">Hindaja peab viivitamatult teavitama otsest juhti igast olukorrast, mida ta peab huvide konfliktiks v\u00f5i mis v\u00f5ib p\u00f5hjustada huvide konflikti mis tahes ajal hindamisprotsessi jooksul.<\/span><\/li><li style=\"font-weight: 400;\"><span style=\"font-family: inherit; font-size: inherit; font-style: inherit; font-variant-caps: inherit; letter-spacing: var(--theme-letter-spacing); text-transform: var(--theme-text-transform); text-decoration: var(--theme-text-decoration);\">Taotluste hindamisse kaasatud hindaja peab kirjalikult deklareerima, et tal ei ole huvide konflikti.<\/span><\/li><li style=\"font-weight: 400;\"><span style=\"font-family: inherit; font-size: inherit; font-style: inherit; font-variant-caps: inherit; letter-spacing: var(--theme-letter-spacing); text-transform: var(--theme-text-transform); text-decoration: var(--theme-text-decoration);\">Hindamisse kaasatud hindaja:\u00a0<\/span><p>a. ei tohi olla huvide konfliktis seoses \u00fcksustega, kes esitavad toetusprogrammi raames toetustaotluse;<\/p><p><span style=\"font-family: inherit; font-size: inherit; font-style: inherit; font-variant-caps: inherit; letter-spacing: var(--theme-letter-spacing); text-transform: var(--theme-text-transform); text-decoration: var(--theme-text-decoration);\">b. <\/span><span style=\"font-family: inherit; font-size: inherit; font-variant-caps: inherit; letter-spacing: var(--theme-letter-spacing); text-transform: var(--theme-text-transform); text-decoration: var(--theme-text-decoration);\">V\u00e4lja kuulutas<\/span><span style=\"font-family: inherit; font-size: inherit; font-style: inherit; font-variant-caps: inherit; letter-spacing: var(--theme-letter-spacing); text-transform: var(--theme-text-transform); text-decoration: var(--theme-text-decoration);\">, et puuduvad minevikus, praegu v\u00f5i t\u00f5en\u00e4oliselt l\u00e4hitulevikus esinevad faktid v\u00f5i asjaolud, mis v\u00f5iksid tema s\u00f5ltumatuse kahtluse alla seada.<\/span><\/p><\/li><li style=\"font-weight: 400;\"><p>Kui hindaja avastab v\u00f5i ilmneb valiku\/osalemistingimuste\/hindamise\/rakendamise protsessi v\u00f5i lepingu muutmise k\u00e4igus, et selline huvide konflikt on tekkinud, teavitab ta sellest viivitamatult programmijuhti. Otsuse meetmete v\u00f5tmise kohta teeb partner, kes on programmi elluviija, kes otsustab ka v\u00f5etavad meetmed. Meetmed h\u00f5lmavad eelk\u00f5ige asjaomase isiku v\u00e4ljaarvamist hindamisprotsessist v\u00f5i \u00fclesannete ja kohustuste muutmist, et v\u00e4ltida huvide konflikti j\u00e4tkumist.<\/p><\/li><li style=\"font-weight: 400;\">Hindamisel huvide konflikti avalikustamist k\u00e4sitlevad s\u00e4tted on \u00fclimuslikud k\u00e4esoleva tegevusjuhendi \u00fcldiste huvide konflikti avalikustamist k\u00e4sitlevate s\u00e4tete suhtes.<\/li><\/ol><p style=\"font-weight: 400;\"><span style=\"font-weight: 400;\">Konflikt tekib : <br \/>- Kui hindaja on: <br \/>(a) kes osalevad taotleja juhtimis- v\u00f5i kontrollorganites, <br \/>(b) v\u00f5i vaba\u00fchenduse vabatahtlik liige. <br \/>- Kui hindaja ei suuda esitatud projekti hindamisel j\u00e4\u00e4da erapooletuks ja objektiivseks. <br \/>- Kui hindajal v\u00f5i tema sugulasel v\u00f5i l\u00e4hedasel isikul on rahaline huvi projekti s\u00f5lmimise vastu. (M\u00f5iste \u201el\u00e4hedane isik\u201c tsiviilseadustiku paragrahvi 116 t\u00e4henduses t\u00e4hendab sugulast otseses liinis, \u00f5de-venda ja abikaasat v\u00f5i muud perekondlikku v\u00f5i samalaadset suhet omavat isikut, v\u00e4lja arvatud juhul, kui \u00fcks neist on m\u00f5istlikult tajunud kahju, mida teine neist on kandnud.). <br \/>- Kui organisatsioonidel, kus hindaja on t\u00f6\u00f6suhtes v\u00f5i muus sarnases suhtes v\u00f5i kelle jaoks ta t\u00f6\u00f6tab lepingulise(te) teenuseosutaja(te)na, on rahaline huvi toetuse andmise suhtes (m\u00f5iste \u201elepinguline(te) teenuseosutaja(d)\u201c viitab kaubandusliku v\u00f5i tsiviil\u00f5igusliku lepingu alusel toimuvale tegevusele, mis h\u00f5lmab kaupade ja\/v\u00f5i teenuste osutamist).<\/span><\/p>\t\t\t\t\t\t\t\t<\/div>\n\t\t\t\t<\/div>\n\t\t\t\t<\/header>\n\t\t\t\t<\/div>\n\t\t<footer class=\"elementor-element elementor-element-91345a5 e-con-full e-flex e-con e-child\" data-id=\"91345a5\" data-element_type=\"container\">\n\t\t\t\t<div class=\"elementor-element elementor-element-1bd004c elementor-nav-menu__align-center elementor-nav-menu--dropdown-tablet elementor-nav-menu__text-align-aside elementor-widget elementor-widget-nav-menu\" data-id=\"1bd004c\" data-element_type=\"widget\" data-settings=\"{&quot;layout&quot;:&quot;horizontal&quot;,&quot;submenu_icon&quot;:{&quot;value&quot;:&quot;&lt;svg class=\\&quot;e-font-icon-svg e-fas-caret-down\\&quot; viewBox=\\&quot;0 0 320 512\\&quot; xmlns=\\&quot;http:\\\/\\\/www.w3.org\\\/2000\\\/svg\\&quot;&gt;&lt;path d=\\&quot;M31.3 192h257.3c17.8 0 26.7 21.5 14.1 34.1L174.1 354.8c-7.8 7.8-20.5 7.8-28.3 0L17.2 226.1C4.6 213.5 13.5 192 31.3 192z\\&quot;&gt;&lt;\\\/path&gt;&lt;\\\/svg&gt;&quot;,&quot;library&quot;:&quot;fa-solid&quot;}}\" data-widget_type=\"nav-menu.default\">\n\t\t\t\t<div class=\"elementor-widget-container\">\n\t\t\t\t\t\t\t\t<nav class=\"elementor-nav-menu--main elementor-nav-menu__container elementor-nav-menu--layout-horizontal e--pointer-underline e--animation-fade\">\n\t\t\t\t<ul id=\"menu-1-1bd004c\" class=\"elementor-nav-menu\"><li class=\"menu-item menu-item-type-post_type menu-item-object-page menu-item-7982\"><a href=\"https:\/\/egrant.sk\/et\/blog\/\" class=\"elementor-item\">Blogi<\/a><\/li>\n<li class=\"menu-item menu-item-type-custom menu-item-object-custom menu-item-1440\"><a href=\"http:\/\/egrant.sk\/et\/#Funkcie\" class=\"elementor-item elementor-item-anchor\">Omadused<\/a><\/li>\n<li class=\"menu-item menu-item-type-post_type menu-item-object-page menu-item-4908\"><a href=\"https:\/\/egrant.sk\/et\/o-projekte-egrant\/\" class=\"elementor-item\">EGRANTi projekti kohta<\/a><\/li>\n<li class=\"menu-item menu-item-type-post_type menu-item-object-page menu-item-4906\"><a href=\"https:\/\/egrant.sk\/et\/participativny-rozpocet\/\" class=\"elementor-item\">Kaasav eelarve<\/a><\/li>\n<li class=\"menu-item menu-item-type-post_type menu-item-object-page menu-item-5367\"><a href=\"https:\/\/egrant.sk\/et\/aplikacia-hlas\/\" class=\"elementor-item\">H\u00e4\u00e4lrakendus<\/a><\/li>\n<li class=\"menu-item menu-item-type-post_type menu-item-object-page menu-item-4907\"><a href=\"https:\/\/egrant.sk\/et\/o-ellman\/\" class=\"elementor-item\">Ellmani kohta<\/a><\/li>\n<li class=\"menu-item menu-item-type-custom menu-item-object-custom menu-item-1437\"><a href=\"http:\/\/egrant.sk\/et\/#Kontakt\" class=\"elementor-item elementor-item-anchor\">Kontakt<\/a><\/li>\n<li class=\"menu-item menu-item-type-custom menu-item-object-custom menu-item-8418\"><a href=\"https:\/\/egrant.sk\/et\/ochrana-osobnych-udajov\/\" class=\"elementor-item\">GDPR<\/a><\/li>\n<li class=\"menu-item menu-item-type-post_type menu-item-object-page menu-item-8753\"><a href=\"https:\/\/egrant.sk\/et\/eticky-kodex\/\" class=\"elementor-item\">Eetikakoodeks<\/a><\/li>\n<li class=\"menu-item menu-item-type-post_type menu-item-object-page menu-item-8813\"><a href=\"https:\/\/egrant.sk\/et\/smernica-k-oznamovaniu-poruseni\/\" class=\"elementor-item\">Rikkumistest teatamist k\u00e4sitlev direktiiv<\/a><\/li>\n<li class=\"menu-item menu-item-type-post_type menu-item-object-page menu-item-8814\"><a href=\"https:\/\/egrant.sk\/et\/eticky-kodex-hodnotitelov\/\" class=\"elementor-item\">Hindajate eetikakoodeks<\/a><\/li>\n<li class=\"menu-item menu-item-type-post_type menu-item-object-page menu-item-8815\"><a href=\"https:\/\/egrant.sk\/et\/eticky-kodex-zamestnancov\/\" class=\"elementor-item\">T\u00f6\u00f6tajate k\u00e4itumisjuhend<\/a><\/li>\n<li class=\"menu-item menu-item-type-post_type menu-item-object-page menu-item-8838\"><a href=\"https:\/\/egrant.sk\/et\/vyhlasenie-o-konflikte-zaujmov\/\" class=\"elementor-item\">Huvide konflikti deklaratsioon<\/a><\/li>\n<li class=\"menu-item menu-item-type-post_type menu-item-object-page menu-item-8907\"><a href=\"https:\/\/egrant.sk\/et\/gender-equity-plan\/\" class=\"elementor-item\">Soolise v\u00f5rd\u00f5iguslikkuse kava<\/a><\/li>\n<li class=\"menu-item menu-item-type-post_type menu-item-object-page menu-item-8908\"><a href=\"https:\/\/egrant.sk\/et\/plan-rodovej-rovnosti\/\" class=\"elementor-item\">Soolise v\u00f5rd\u00f5iguslikkuse koodeks<\/a><\/li>\n<li class=\"trp-language-switcher-container trp-menu-ls-item trp-menu-ls-desktop current-language-menu-item menu-item menu-item-type-post_type menu-item-object-language_switcher menu-item-has-children menu-item-9135\"><a href=\"https:\/\/egrant.sk\/et\/wp-json\/wp\/v2\/pages\/8791\" class=\"elementor-item elementor-item-anchor\"><span class=\"trp-menu-ls-label\" data-no-translation title=\"Eesti\"><img loading=\"lazy\" src=\"https:\/\/egrant.sk\/wp-content\/plugins\/translatepress-multilingual\/assets\/flags\/4x3\/et.svg\" class=\"trp-flag-image\" alt=\"\" role=\"presentation\" decoding=\"async\" width=\"18\" height=\"14\" \/> <span class=\"trp-ls-language-name\">Eesti<\/span><\/span><\/a>\n<ul class=\"sub-menu elementor-nav-menu--dropdown\">\n\t<li class=\"trp-language-switcher-container trp-menu-ls-item trp-menu-ls-desktop menu-item menu-item-type-post_type menu-item-object-language_switcher current-language-menu-item menu-item-9142\"><a href=\"https:\/\/egrant.sk\/et\/wp-json\/wp\/v2\/pages\/8791\" class=\"elementor-sub-item elementor-item-anchor\"><span class=\"trp-menu-ls-label\" data-no-translation title=\"Sloven\u0161\u010dina\"><img loading=\"lazy\" src=\"https:\/\/egrant.sk\/wp-content\/plugins\/translatepress-multilingual\/assets\/flags\/4x3\/sl_SI.svg\" class=\"trp-flag-image\" alt=\"\" role=\"presentation\" decoding=\"async\" width=\"18\" height=\"14\" \/> <span class=\"trp-ls-language-name\">Sloven\u0161\u010dina<\/span><\/span><\/a><\/li>\n\t<li class=\"trp-language-switcher-container trp-menu-ls-item trp-menu-ls-desktop menu-item menu-item-type-post_type menu-item-object-language_switcher current-language-menu-item menu-item-9139\"><a href=\"https:\/\/egrant.sk\/et\/wp-json\/wp\/v2\/pages\/8791\" class=\"elementor-sub-item elementor-item-anchor\"><span class=\"trp-menu-ls-label\" data-no-translation title=\"English\"><img loading=\"lazy\" src=\"https:\/\/egrant.sk\/wp-content\/plugins\/translatepress-multilingual\/assets\/flags\/4x3\/en_US.svg\" class=\"trp-flag-image\" alt=\"\" role=\"presentation\" decoding=\"async\" width=\"18\" height=\"14\" \/> <span class=\"trp-ls-language-name\">English<\/span><\/span><\/a><\/li>\n\t<li class=\"trp-language-switcher-container trp-menu-ls-item trp-menu-ls-desktop menu-item menu-item-type-post_type menu-item-object-language_switcher current-language-menu-item menu-item-9138\"><a href=\"https:\/\/egrant.sk\/et\/wp-json\/wp\/v2\/pages\/8791\" class=\"elementor-sub-item elementor-item-anchor\"><span class=\"trp-menu-ls-label\" data-no-translation title=\"\u010ce\u0161tina\"><img loading=\"lazy\" src=\"https:\/\/egrant.sk\/wp-content\/plugins\/translatepress-multilingual\/assets\/flags\/4x3\/cs_CZ.svg\" class=\"trp-flag-image\" alt=\"\" role=\"presentation\" decoding=\"async\" width=\"18\" height=\"14\" \/> <span class=\"trp-ls-language-name\">\u010ce\u0161tina<\/span><\/span><\/a><\/li>\n\t<li class=\"trp-language-switcher-container trp-menu-ls-item trp-menu-ls-desktop menu-item menu-item-type-post_type menu-item-object-language_switcher current-language-menu-item menu-item-9136\"><a href=\"https:\/\/egrant.sk\/et\/wp-json\/wp\/v2\/pages\/8791\" class=\"elementor-sub-item elementor-item-anchor\"><span class=\"trp-menu-ls-label\" data-no-translation title=\"\u0411\u044a\u043b\u0433\u0430\u0440\u0441\u043a\u0438\"><img loading=\"lazy\" src=\"https:\/\/egrant.sk\/wp-content\/plugins\/translatepress-multilingual\/assets\/flags\/4x3\/bg_BG.svg\" class=\"trp-flag-image\" alt=\"\" role=\"presentation\" decoding=\"async\" width=\"18\" height=\"14\" \/> <span class=\"trp-ls-language-name\">\u0411\u044a\u043b\u0433\u0430\u0440\u0441\u043a\u0438<\/span><\/span><\/a><\/li>\n\t<li class=\"trp-language-switcher-container trp-menu-ls-item trp-menu-ls-desktop menu-item menu-item-type-post_type menu-item-object-language_switcher current-language-menu-item menu-item-9137\"><a href=\"https:\/\/egrant.sk\/et\/wp-json\/wp\/v2\/pages\/8791\" class=\"elementor-sub-item elementor-item-anchor\"><span class=\"trp-menu-ls-label\" data-no-translation title=\"Hrvatski\"><img loading=\"lazy\" src=\"https:\/\/egrant.sk\/wp-content\/plugins\/translatepress-multilingual\/assets\/flags\/4x3\/hr.svg\" class=\"trp-flag-image\" alt=\"\" role=\"presentation\" decoding=\"async\" width=\"18\" height=\"14\" \/> <span class=\"trp-ls-language-name\">Hrvatski<\/span><\/span><\/a><\/li>\n\t<li class=\"trp-language-switcher-container trp-menu-ls-item trp-menu-ls-desktop menu-item menu-item-type-post_type menu-item-object-language_switcher current-language-menu-item menu-item-9141\"><a href=\"https:\/\/egrant.sk\/et\/wp-json\/wp\/v2\/pages\/8791\" class=\"elementor-sub-item elementor-item-anchor\"><span class=\"trp-menu-ls-label\" data-no-translation title=\"Sloven\u010dina\"><img loading=\"lazy\" src=\"https:\/\/egrant.sk\/wp-content\/plugins\/translatepress-multilingual\/assets\/flags\/4x3\/sk_SK.svg\" class=\"trp-flag-image\" alt=\"\" role=\"presentation\" decoding=\"async\" width=\"18\" height=\"14\" \/> <span class=\"trp-ls-language-name\">Sloven\u010dina<\/span><\/span><\/a><\/li>\n<\/ul>\n<\/li>\n<\/ul>\t\t\t<\/nav>\n\t\t\t\t\t\t<nav class=\"elementor-nav-menu--dropdown elementor-nav-menu__container\" aria-hidden=\"true\">\n\t\t\t\t<ul id=\"menu-2-1bd004c\" class=\"elementor-nav-menu\"><li class=\"menu-item menu-item-type-post_type menu-item-object-page menu-item-7982\"><a href=\"https:\/\/egrant.sk\/et\/blog\/\" class=\"elementor-item\" tabindex=\"-1\">Blogi<\/a><\/li>\n<li class=\"menu-item menu-item-type-custom menu-item-object-custom menu-item-1440\"><a href=\"http:\/\/egrant.sk\/et\/#Funkcie\" class=\"elementor-item elementor-item-anchor\" tabindex=\"-1\">Omadused<\/a><\/li>\n<li class=\"menu-item menu-item-type-post_type menu-item-object-page menu-item-4908\"><a href=\"https:\/\/egrant.sk\/et\/o-projekte-egrant\/\" class=\"elementor-item\" tabindex=\"-1\">EGRANTi projekti kohta<\/a><\/li>\n<li class=\"menu-item menu-item-type-post_type menu-item-object-page menu-item-4906\"><a href=\"https:\/\/egrant.sk\/et\/participativny-rozpocet\/\" class=\"elementor-item\" tabindex=\"-1\">Kaasav eelarve<\/a><\/li>\n<li class=\"menu-item menu-item-type-post_type menu-item-object-page menu-item-5367\"><a href=\"https:\/\/egrant.sk\/et\/aplikacia-hlas\/\" class=\"elementor-item\" tabindex=\"-1\">H\u00e4\u00e4lrakendus<\/a><\/li>\n<li class=\"menu-item menu-item-type-post_type menu-item-object-page menu-item-4907\"><a href=\"https:\/\/egrant.sk\/et\/o-ellman\/\" class=\"elementor-item\" tabindex=\"-1\">Ellmani kohta<\/a><\/li>\n<li class=\"menu-item menu-item-type-custom menu-item-object-custom menu-item-1437\"><a href=\"http:\/\/egrant.sk\/et\/#Kontakt\" class=\"elementor-item elementor-item-anchor\" tabindex=\"-1\">Kontakt<\/a><\/li>\n<li class=\"menu-item menu-item-type-custom menu-item-object-custom menu-item-8418\"><a href=\"https:\/\/egrant.sk\/et\/ochrana-osobnych-udajov\/\" class=\"elementor-item\" tabindex=\"-1\">GDPR<\/a><\/li>\n<li class=\"menu-item menu-item-type-post_type menu-item-object-page menu-item-8753\"><a href=\"https:\/\/egrant.sk\/et\/eticky-kodex\/\" class=\"elementor-item\" tabindex=\"-1\">Eetikakoodeks<\/a><\/li>\n<li class=\"menu-item menu-item-type-post_type menu-item-object-page menu-item-8813\"><a href=\"https:\/\/egrant.sk\/et\/smernica-k-oznamovaniu-poruseni\/\" class=\"elementor-item\" tabindex=\"-1\">Rikkumistest teatamist k\u00e4sitlev direktiiv<\/a><\/li>\n<li class=\"menu-item menu-item-type-post_type menu-item-object-page menu-item-8814\"><a href=\"https:\/\/egrant.sk\/et\/eticky-kodex-hodnotitelov\/\" class=\"elementor-item\" tabindex=\"-1\">Hindajate eetikakoodeks<\/a><\/li>\n<li class=\"menu-item menu-item-type-post_type menu-item-object-page menu-item-8815\"><a href=\"https:\/\/egrant.sk\/et\/eticky-kodex-zamestnancov\/\" class=\"elementor-item\" tabindex=\"-1\">T\u00f6\u00f6tajate k\u00e4itumisjuhend<\/a><\/li>\n<li class=\"menu-item menu-item-type-post_type menu-item-object-page menu-item-8838\"><a href=\"https:\/\/egrant.sk\/et\/vyhlasenie-o-konflikte-zaujmov\/\" class=\"elementor-item\" tabindex=\"-1\">Huvide konflikti deklaratsioon<\/a><\/li>\n<li class=\"menu-item menu-item-type-post_type menu-item-object-page menu-item-8907\"><a href=\"https:\/\/egrant.sk\/et\/gender-equity-plan\/\" class=\"elementor-item\" tabindex=\"-1\">Soolise v\u00f5rd\u00f5iguslikkuse kava<\/a><\/li>\n<li class=\"menu-item menu-item-type-post_type menu-item-object-page menu-item-8908\"><a href=\"https:\/\/egrant.sk\/et\/plan-rodovej-rovnosti\/\" class=\"elementor-item\" tabindex=\"-1\">Soolise v\u00f5rd\u00f5iguslikkuse koodeks<\/a><\/li>\n<li class=\"trp-language-switcher-container trp-menu-ls-item trp-menu-ls-desktop current-language-menu-item menu-item menu-item-type-post_type menu-item-object-language_switcher menu-item-has-children menu-item-9135\"><a href=\"https:\/\/egrant.sk\/et\/wp-json\/wp\/v2\/pages\/8791\" class=\"elementor-item elementor-item-anchor\" tabindex=\"-1\"><span class=\"trp-menu-ls-label\" data-no-translation title=\"Eesti\"><img loading=\"lazy\" src=\"https:\/\/egrant.sk\/wp-content\/plugins\/translatepress-multilingual\/assets\/flags\/4x3\/et.svg\" class=\"trp-flag-image\" alt=\"\" role=\"presentation\" decoding=\"async\" width=\"18\" height=\"14\" \/> <span class=\"trp-ls-language-name\">Eesti<\/span><\/span><\/a>\n<ul class=\"sub-menu elementor-nav-menu--dropdown\">\n\t<li class=\"trp-language-switcher-container trp-menu-ls-item trp-menu-ls-desktop menu-item menu-item-type-post_type menu-item-object-language_switcher current-language-menu-item menu-item-9142\"><a href=\"https:\/\/egrant.sk\/et\/wp-json\/wp\/v2\/pages\/8791\" class=\"elementor-sub-item elementor-item-anchor\" tabindex=\"-1\"><span class=\"trp-menu-ls-label\" data-no-translation title=\"Sloven\u0161\u010dina\"><img loading=\"lazy\" src=\"https:\/\/egrant.sk\/wp-content\/plugins\/translatepress-multilingual\/assets\/flags\/4x3\/sl_SI.svg\" class=\"trp-flag-image\" alt=\"\" role=\"presentation\" decoding=\"async\" width=\"18\" height=\"14\" \/> <span class=\"trp-ls-language-name\">Sloven\u0161\u010dina<\/span><\/span><\/a><\/li>\n\t<li class=\"trp-language-switcher-container trp-menu-ls-item trp-menu-ls-desktop menu-item menu-item-type-post_type menu-item-object-language_switcher current-language-menu-item menu-item-9139\"><a href=\"https:\/\/egrant.sk\/et\/wp-json\/wp\/v2\/pages\/8791\" class=\"elementor-sub-item elementor-item-anchor\" tabindex=\"-1\"><span class=\"trp-menu-ls-label\" data-no-translation title=\"English\"><img loading=\"lazy\" src=\"https:\/\/egrant.sk\/wp-content\/plugins\/translatepress-multilingual\/assets\/flags\/4x3\/en_US.svg\" class=\"trp-flag-image\" alt=\"\" role=\"presentation\" decoding=\"async\" width=\"18\" height=\"14\" \/> <span class=\"trp-ls-language-name\">English<\/span><\/span><\/a><\/li>\n\t<li class=\"trp-language-switcher-container trp-menu-ls-item trp-menu-ls-desktop menu-item menu-item-type-post_type menu-item-object-language_switcher current-language-menu-item menu-item-9138\"><a href=\"https:\/\/egrant.sk\/et\/wp-json\/wp\/v2\/pages\/8791\" class=\"elementor-sub-item elementor-item-anchor\" tabindex=\"-1\"><span class=\"trp-menu-ls-label\" data-no-translation title=\"\u010ce\u0161tina\"><img loading=\"lazy\" src=\"https:\/\/egrant.sk\/wp-content\/plugins\/translatepress-multilingual\/assets\/flags\/4x3\/cs_CZ.svg\" class=\"trp-flag-image\" alt=\"\" role=\"presentation\" decoding=\"async\" width=\"18\" height=\"14\" \/> <span class=\"trp-ls-language-name\">\u010ce\u0161tina<\/span><\/span><\/a><\/li>\n\t<li class=\"trp-language-switcher-container trp-menu-ls-item trp-menu-ls-desktop menu-item menu-item-type-post_type menu-item-object-language_switcher current-language-menu-item menu-item-9136\"><a href=\"https:\/\/egrant.sk\/et\/wp-json\/wp\/v2\/pages\/8791\" class=\"elementor-sub-item elementor-item-anchor\" tabindex=\"-1\"><span class=\"trp-menu-ls-label\" data-no-translation title=\"\u0411\u044a\u043b\u0433\u0430\u0440\u0441\u043a\u0438\"><img loading=\"lazy\" src=\"https:\/\/egrant.sk\/wp-content\/plugins\/translatepress-multilingual\/assets\/flags\/4x3\/bg_BG.svg\" class=\"trp-flag-image\" alt=\"\" role=\"presentation\" decoding=\"async\" width=\"18\" height=\"14\" \/> <span class=\"trp-ls-language-name\">\u0411\u044a\u043b\u0433\u0430\u0440\u0441\u043a\u0438<\/span><\/span><\/a><\/li>\n\t<li class=\"trp-language-switcher-container trp-menu-ls-item trp-menu-ls-desktop menu-item menu-item-type-post_type menu-item-object-language_switcher current-language-menu-item menu-item-9137\"><a href=\"https:\/\/egrant.sk\/et\/wp-json\/wp\/v2\/pages\/8791\" class=\"elementor-sub-item elementor-item-anchor\" tabindex=\"-1\"><span class=\"trp-menu-ls-label\" data-no-translation title=\"Hrvatski\"><img loading=\"lazy\" src=\"https:\/\/egrant.sk\/wp-content\/plugins\/translatepress-multilingual\/assets\/flags\/4x3\/hr.svg\" class=\"trp-flag-image\" alt=\"\" role=\"presentation\" decoding=\"async\" width=\"18\" height=\"14\" \/> <span class=\"trp-ls-language-name\">Hrvatski<\/span><\/span><\/a><\/li>\n\t<li class=\"trp-language-switcher-container trp-menu-ls-item trp-menu-ls-desktop menu-item menu-item-type-post_type menu-item-object-language_switcher current-language-menu-item menu-item-9141\"><a href=\"https:\/\/egrant.sk\/et\/wp-json\/wp\/v2\/pages\/8791\" class=\"elementor-sub-item elementor-item-anchor\" tabindex=\"-1\"><span class=\"trp-menu-ls-label\" data-no-translation title=\"Sloven\u010dina\"><img loading=\"lazy\" src=\"https:\/\/egrant.sk\/wp-content\/plugins\/translatepress-multilingual\/assets\/flags\/4x3\/sk_SK.svg\" class=\"trp-flag-image\" alt=\"\" role=\"presentation\" decoding=\"async\" width=\"18\" height=\"14\" \/> <span class=\"trp-ls-language-name\">Sloven\u010dina<\/span><\/span><\/a><\/li>\n<\/ul>\n<\/li>\n<\/ul>\t\t\t<\/nav>\n\t\t\t\t\t\t<\/div>\n\t\t\t\t<\/div>\n\t\t\t\t<div class=\"elementor-element elementor-element-b4be0f1 elementor-widget__width-inherit elementor-widget elementor-widget-image\" data-id=\"b4be0f1\" data-element_type=\"widget\" data-widget_type=\"image.default\">\n\t\t\t\t<div class=\"elementor-widget-container\">\n\t\t\t\t\t\t\t\t\t\t\t\t\t\t\t\t<a href=\"https:\/\/egrant.sk\/et\/\">\n\t\t\t\t\t\t\t<img fetchpriority=\"high\" decoding=\"async\" width=\"729\" height=\"140\" src=\"https:\/\/egrant.sk\/wp-content\/uploads\/2024\/11\/logo-egrant.svg\" class=\"attachment-medium size-medium wp-image-4822\" alt=\"Logo Egrant\" \/>\t\t\t\t\t\t\t\t<\/a>\n\t\t\t\t\t\t\t\t\t\t\t\t\t\t\t<\/div>\n\t\t\t\t<\/div>\n\t\t\t\t<\/footer>\n\t\t\t\t<\/div>\n\t\t\t\t\t<\/div>\n\t\t\t\t<\/div>\n\t\t\t\t<\/div>","protected":false},"excerpt":{"rendered":"<p>Etick\u00fd k\u00f3dex hodnotite\u013eov\/-iek Rozhodovanie o podporen\u00fdch projektoch je zveren\u00e9 do r\u00fak externej odbornej komisie, ktorej \u010dlenovia a \u010dlenky sa zav\u00e4zuj\u00fa kona\u0165 v s\u00falade s k\u00f3dexom: Hodnotite\u013e\/ hodnotite\u013eka vo vz\u0165ahu k\u00a0hodnoteniu nesmie by\u0165 v\u00a0konflikte z\u00e1ujmov vo vz\u0165ahu k\u00a0\u017eiadate\u013eom. Hodnotite\u013e mus\u00ed bezodkladne informova\u0165 priameho nadriaden\u00e9ho o\u00a0akejko\u013evek situ\u00e1cii, ktor\u00e1 je pova\u017eovan\u00e1 za konflikt z\u00e1ujmov alebo ktor\u00e1 by mohla [&hellip;]<\/p>\n","protected":false},"author":1,"featured_media":0,"parent":0,"menu_order":0,"comment_status":"closed","ping_status":"closed","template":"","meta":{"footnotes":""},"class_list":["post-8791","page","type-page","status-publish","hentry"],"blocksy_meta":[],"_links":{"self":[{"href":"https:\/\/egrant.sk\/et\/wp-json\/wp\/v2\/pages\/8791","targetHints":{"allow":["GET"]}}],"collection":[{"href":"https:\/\/egrant.sk\/et\/wp-json\/wp\/v2\/pages"}],"about":[{"href":"https:\/\/egrant.sk\/et\/wp-json\/wp\/v2\/types\/page"}],"author":[{"embeddable":true,"href":"https:\/\/egrant.sk\/et\/wp-json\/wp\/v2\/users\/1"}],"replies":[{"embeddable":true,"href":"https:\/\/egrant.sk\/et\/wp-json\/wp\/v2\/comments?post=8791"}],"version-history":[{"count":10,"href":"https:\/\/egrant.sk\/et\/wp-json\/wp\/v2\/pages\/8791\/revisions"}],"predecessor-version":[{"id":8802,"href":"https:\/\/egrant.sk\/et\/wp-json\/wp\/v2\/pages\/8791\/revisions\/8802"}],"wp:attachment":[{"href":"https:\/\/egrant.sk\/et\/wp-json\/wp\/v2\/media?parent=8791"}],"curies":[{"name":"wp","href":"https:\/\/api.w.org\/{rel}","templated":true}]}}