{"id":8791,"date":"2025-10-06T10:14:52","date_gmt":"2025-10-06T08:14:52","guid":{"rendered":"https:\/\/egrant.sk\/?page_id=8791"},"modified":"2025-10-06T10:21:14","modified_gmt":"2025-10-06T08:21:14","slug":"eticky-kodex-hodnotitelov","status":"publish","type":"page","link":"https:\/\/egrant.sk\/hr\/eticky-kodex-hodnotitelov\/","title":{"rendered":"Etni\u010dki kodeks procjenitelja"},"content":{"rendered":"<div data-elementor-type=\"wp-page\" data-elementor-id=\"8791\" class=\"elementor elementor-8791\" data-elementor-post-type=\"page\">\n\t\t\t\t<div class=\"elementor-element elementor-element-4b6b087 e-flex e-con-boxed e-con e-parent\" data-id=\"4b6b087\" data-element_type=\"container\">\n\t\t\t\t\t<div class=\"e-con-inner\">\n\t\t<div class=\"elementor-element elementor-element-3eedad6 e-con-full e-flex e-con e-child\" data-id=\"3eedad6\" data-element_type=\"container\">\n\t\t<div class=\"elementor-element elementor-element-c4ab333 e-con-full e-flex e-con e-child\" data-id=\"c4ab333\" data-element_type=\"container\">\n\t\t<header class=\"elementor-element elementor-element-3771a10 e-con-full e-flex e-con e-child\" data-id=\"3771a10\" data-element_type=\"container\">\n\t\t\t\t<div class=\"elementor-element elementor-element-1c1af2c elementor-widget elementor-widget-heading\" data-id=\"1c1af2c\" data-element_type=\"widget\" data-widget_type=\"heading.default\">\n\t\t\t\t<div class=\"elementor-widget-container\">\n\t\t\t\t\t<h1 class=\"elementor-heading-title elementor-size-default\"><strong style=\"caret-color: rgb(0, 0, 0); color: rgb(0, 0, 0); text-align: start; white-space: normal;\">Etni\u010dki kodeks procjenitelja<\/strong><\/h1>\t\t\t\t<\/div>\n\t\t\t\t<\/div>\n\t\t\t\t<div class=\"elementor-element elementor-element-e7582d3 elementor-widget elementor-widget-spacer\" data-id=\"e7582d3\" data-element_type=\"widget\" data-widget_type=\"spacer.default\">\n\t\t\t\t<div class=\"elementor-widget-container\">\n\t\t\t\t\t\t\t<div class=\"elementor-spacer\">\n\t\t\t<div class=\"elementor-spacer-inner\"><\/div>\n\t\t<\/div>\n\t\t\t\t\t\t<\/div>\n\t\t\t\t<\/div>\n\t\t\t\t<div class=\"elementor-element elementor-element-26371c6 elementor-widget__width-inherit elementor-widget elementor-widget-text-editor\" data-id=\"26371c6\" data-element_type=\"widget\" data-widget_type=\"text-editor.default\">\n\t\t\t\t<div class=\"elementor-widget-container\">\n\t\t\t\t\t\t\t\t\t<p style=\"font-weight: 400;\">Odluke o tome koje \u0107e se projekte podr\u017eati povjeravaju se vanjskom stru\u010dnom povjerenstvu, \u010diji se \u010dlanovi obvezuju postupati u skladu s kodeksom:<\/p><ol><li style=\"font-weight: 400;\">Ocjenjiva\u010d ne smije imati sukob interesa u odnosu na podnositelje zahtjeva u vezi s evaluacijom.<\/li><li style=\"font-weight: 400;\"><span style=\"font-family: inherit; font-size: inherit; font-style: inherit; font-variant-caps: inherit; letter-spacing: var(--theme-letter-spacing); text-transform: var(--theme-text-transform); text-decoration: var(--theme-text-decoration);\">Procjenitelj mora odmah obavijestiti svog neposrednog rukovoditelja o svakoj situaciji koja se smatra sukobom interesa ili koja bi mogla dovesti do sukoba interesa u bilo kojoj fazi procesa procjene.<\/span><\/li><li style=\"font-weight: 400;\"><span style=\"font-family: inherit; font-size: inherit; font-style: inherit; font-variant-caps: inherit; letter-spacing: var(--theme-letter-spacing); text-transform: var(--theme-text-transform); text-decoration: var(--theme-text-decoration);\">Ocjenjiva\u010d uklju\u010den u procjenu prijava mora pisanim putem izjaviti da nema sukoba interesa.<\/span><\/li><li style=\"font-weight: 400;\"><span style=\"font-family: inherit; font-size: inherit; font-style: inherit; font-variant-caps: inherit; letter-spacing: var(--theme-letter-spacing); text-transform: var(--theme-text-transform); text-decoration: var(--theme-text-decoration);\">Procjenitelj uklju\u010den u procjenu:\u00a0<\/span><p>a. ne smije imati sukob interesa u odnosu na subjekte koji podnose prijave za bespovratna sredstva u okviru predmetnog programa;<\/p><p><span style=\"font-family: inherit; font-size: inherit; font-style: inherit; font-variant-caps: inherit; letter-spacing: var(--theme-letter-spacing); text-transform: var(--theme-text-transform); text-decoration: var(--theme-text-decoration);\">b. <\/span><span style=\"font-family: inherit; font-size: inherit; font-variant-caps: inherit; letter-spacing: var(--theme-letter-spacing); text-transform: var(--theme-text-transform); text-decoration: var(--theme-text-decoration);\">objaviti<\/span><span style=\"font-family: inherit; font-size: inherit; font-style: inherit; font-variant-caps: inherit; letter-spacing: var(--theme-letter-spacing); text-transform: var(--theme-text-transform); text-decoration: var(--theme-text-decoration);\">, da ne postoje \u010dinjenice ili okolnosti, bilo pro\u0161le, sada\u0161nje ili one koje \u0107e se vjerojatno pojaviti u doglednoj budu\u0107nosti, koje bi mogle dovesti u pitanje njegovu neovisnost.<\/span><\/p><\/li><li style=\"font-weight: 400;\"><p>Ako procjenitelj otkrije ili ako tijekom postupka odabira, utvr\u0111ivanja kriterija prihvatljivosti, postupka evaluacije, izvr\u0161avanja ugovora ili bilo koje njegove izmjene postane o\u010dito da je nastao takav sukob interesa, du\u017ean je bez odgode obavijestiti voditelja programa. Partner koji djeluje kao organizator programa odlu\u010dit \u0107e o mjerama koje treba poduzeti. Takve mjere uklju\u010duju, osobito, isklju\u010divanje doti\u010dne osobe iz postupka ocjenjivanja ili prilagodbu du\u017enosti i odgovornosti kako bi se sprije\u010dilo trajanje sukoba interesa.<\/p><\/li><li style=\"font-weight: 400;\">Odredbe o objavljivanju sukoba interesa u procesu evaluacije imaju prednost nad op\u0107im odredbama o objavljivanju sukoba interesa u ovom Eti\u010dkom kodeksu.<\/li><\/ol><p style=\"font-weight: 400;\"><span style=\"font-weight: 400;\">Nastaje sukob: <br \/>\u2022 Ako je procjenitelj: <br \/>(a) \u010dlan upravnih ili nadzornih tijela podnositelja zahtjeva, <br \/>b) ili dobrovoljni \u010dlan nevladine organizacije. <br \/>\u2022 Ako procjenitelj ne mo\u017ee ostati nepristran i objektivan pri procjeni predlo\u017eenog projekta. <br \/>\u2022 Ako procjenitelj ili njegov ro\u0111ak ili bliski suradnik ima financijski interes u dodjeli projekta. (Pojam \u201ebliska osoba\u201c definiran je u \u010dlanku 116. Zakona o obveznicama kao krvni srodnik u ravnoj liniji, brat ili sestra ili supru\u017enik, odnosno druge osobe u obiteljskom ili sli\u010dnom odnosu, pod uvjetom da bi \u0161tetu koju jedna od njih pretrpi druga razumno osjetila kao vlastitu.) <br \/>\u2022 Ako organizacije s kojima je procjenitelj u radnom odnosu ili drugom sli\u010dnom odnosu, ili za koje radi kao pru\u017eatelj usluga na temelju ugovora, imaju financijski interes u dodjeli bespovratnih sredstava. (Izraz \u201eugovorni pru\u017eatelji usluga\u201c odnosi se na obavljanje poslova na temelju trgova\u010dkog ili gra\u0111anskopravnog ugovora koji uklju\u010duje isporuku dobara i\/ili usluga.)<\/span><\/p>\t\t\t\t\t\t\t\t<\/div>\n\t\t\t\t<\/div>\n\t\t\t\t<\/header>\n\t\t\t\t<\/div>\n\t\t<footer class=\"elementor-element elementor-element-91345a5 e-con-full e-flex e-con e-child\" data-id=\"91345a5\" data-element_type=\"container\">\n\t\t\t\t<div class=\"elementor-element elementor-element-1bd004c elementor-nav-menu__align-center elementor-nav-menu--dropdown-tablet elementor-nav-menu__text-align-aside elementor-widget elementor-widget-nav-menu\" data-id=\"1bd004c\" data-element_type=\"widget\" data-settings=\"{&quot;layout&quot;:&quot;horizontal&quot;,&quot;submenu_icon&quot;:{&quot;value&quot;:&quot;&lt;svg class=\\&quot;e-font-icon-svg e-fas-caret-down\\&quot; viewBox=\\&quot;0 0 320 512\\&quot; xmlns=\\&quot;http:\\\/\\\/www.w3.org\\\/2000\\\/svg\\&quot;&gt;&lt;path d=\\&quot;M31.3 192h257.3c17.8 0 26.7 21.5 14.1 34.1L174.1 354.8c-7.8 7.8-20.5 7.8-28.3 0L17.2 226.1C4.6 213.5 13.5 192 31.3 192z\\&quot;&gt;&lt;\\\/path&gt;&lt;\\\/svg&gt;&quot;,&quot;library&quot;:&quot;fa-solid&quot;}}\" data-widget_type=\"nav-menu.default\">\n\t\t\t\t<div class=\"elementor-widget-container\">\n\t\t\t\t\t\t\t\t<nav class=\"elementor-nav-menu--main elementor-nav-menu__container elementor-nav-menu--layout-horizontal e--pointer-underline e--animation-fade\">\n\t\t\t\t<ul id=\"menu-1-1bd004c\" class=\"elementor-nav-menu\"><li class=\"menu-item menu-item-type-post_type menu-item-object-page menu-item-7982\"><a href=\"https:\/\/egrant.sk\/hr\/blog\/\" class=\"elementor-item\">Blog<\/a><\/li>\n<li class=\"menu-item menu-item-type-custom menu-item-object-custom menu-item-1440\"><a href=\"http:\/\/egrant.sk\/hr\/#Funkcie\" class=\"elementor-item elementor-item-anchor\">Zna\u010dajke<\/a><\/li>\n<li class=\"menu-item menu-item-type-post_type menu-item-object-page menu-item-4908\"><a href=\"https:\/\/egrant.sk\/hr\/o-projekte-egrant\/\" class=\"elementor-item\">O projektu EGRANT<\/a><\/li>\n<li class=\"menu-item menu-item-type-post_type menu-item-object-page menu-item-4906\"><a href=\"https:\/\/egrant.sk\/hr\/participativny-rozpocet\/\" class=\"elementor-item\">Sudjelovno bud\u017eetiranje<\/a><\/li>\n<li class=\"menu-item menu-item-type-post_type menu-item-object-page menu-item-5367\"><a href=\"https:\/\/egrant.sk\/hr\/aplikacia-hlas\/\" class=\"elementor-item\">Aplikacija za glas<\/a><\/li>\n<li class=\"menu-item menu-item-type-post_type menu-item-object-page menu-item-4907\"><a href=\"https:\/\/egrant.sk\/hr\/o-ellman\/\" class=\"elementor-item\">O Ellmanu<\/a><\/li>\n<li class=\"menu-item menu-item-type-custom menu-item-object-custom menu-item-1437\"><a href=\"http:\/\/egrant.sk\/hr\/#Kontakt\" class=\"elementor-item elementor-item-anchor\">Kontakt<\/a><\/li>\n<li class=\"menu-item menu-item-type-custom menu-item-object-custom menu-item-8418\"><a href=\"https:\/\/egrant.sk\/hr\/ochrana-osobnych-udajov\/\" class=\"elementor-item\">GDPR<\/a><\/li>\n<li class=\"menu-item menu-item-type-post_type menu-item-object-page menu-item-8753\"><a href=\"https:\/\/egrant.sk\/hr\/eticky-kodex\/\" class=\"elementor-item\">Etni\u010dki kodeks<\/a><\/li>\n<li class=\"menu-item menu-item-type-post_type menu-item-object-page menu-item-8813\"><a href=\"https:\/\/egrant.sk\/hr\/smernica-k-oznamovaniu-poruseni\/\" class=\"elementor-item\">Smjernice za izvje\u0161tavanje o povredama<\/a><\/li>\n<li class=\"menu-item menu-item-type-post_type menu-item-object-page menu-item-8814\"><a href=\"https:\/\/egrant.sk\/hr\/eticky-kodex-hodnotitelov\/\" class=\"elementor-item\">Etni\u010dki kodeks procjenitelja<\/a><\/li>\n<li class=\"menu-item menu-item-type-post_type menu-item-object-page menu-item-8815\"><a href=\"https:\/\/egrant.sk\/hr\/eticky-kodex-zamestnancov\/\" class=\"elementor-item\">Etni\u010dki kodeks za zaposlenike<\/a><\/li>\n<li class=\"menu-item menu-item-type-post_type menu-item-object-page menu-item-8838\"><a href=\"https:\/\/egrant.sk\/hr\/vyhlasenie-o-konflikte-zaujmov\/\" class=\"elementor-item\">Izjava o sukobu interesa<\/a><\/li>\n<li class=\"menu-item menu-item-type-post_type menu-item-object-page menu-item-8907\"><a href=\"https:\/\/egrant.sk\/hr\/gender-equity-plan\/\" class=\"elementor-item\">Plan ravnopravnosti spolova<\/a><\/li>\n<li class=\"menu-item menu-item-type-post_type menu-item-object-page menu-item-8908\"><a href=\"https:\/\/egrant.sk\/hr\/plan-rodovej-rovnosti\/\" class=\"elementor-item\">Kodeks ravnopravnosti spolova<\/a><\/li>\n<li class=\"trp-language-switcher-container trp-menu-ls-item trp-menu-ls-desktop current-language-menu-item menu-item menu-item-type-post_type menu-item-object-language_switcher menu-item-has-children menu-item-9135\"><a href=\"https:\/\/egrant.sk\/hr\/wp-json\/wp\/v2\/pages\/8791\" class=\"elementor-item elementor-item-anchor\"><span class=\"trp-menu-ls-label\" data-no-translation title=\"Hrvatski\"><img loading=\"lazy\" src=\"https:\/\/egrant.sk\/wp-content\/plugins\/translatepress-multilingual\/assets\/flags\/4x3\/hr.svg\" class=\"trp-flag-image\" alt=\"\" role=\"presentation\" decoding=\"async\" width=\"18\" height=\"14\" \/> <span class=\"trp-ls-language-name\">Hrvatski<\/span><\/span><\/a>\n<ul class=\"sub-menu elementor-nav-menu--dropdown\">\n\t<li class=\"trp-language-switcher-container trp-menu-ls-item trp-menu-ls-desktop menu-item menu-item-type-post_type menu-item-object-language_switcher current-language-menu-item menu-item-9142\"><a href=\"https:\/\/egrant.sk\/hr\/wp-json\/wp\/v2\/pages\/8791\" class=\"elementor-sub-item elementor-item-anchor\"><span class=\"trp-menu-ls-label\" data-no-translation title=\"Sloven\u0161\u010dina\"><img loading=\"lazy\" src=\"https:\/\/egrant.sk\/wp-content\/plugins\/translatepress-multilingual\/assets\/flags\/4x3\/sl_SI.svg\" class=\"trp-flag-image\" alt=\"\" role=\"presentation\" decoding=\"async\" width=\"18\" height=\"14\" \/> <span class=\"trp-ls-language-name\">Sloven\u0161\u010dina<\/span><\/span><\/a><\/li>\n\t<li class=\"trp-language-switcher-container trp-menu-ls-item trp-menu-ls-desktop menu-item menu-item-type-post_type menu-item-object-language_switcher current-language-menu-item menu-item-9139\"><a href=\"https:\/\/egrant.sk\/hr\/wp-json\/wp\/v2\/pages\/8791\" class=\"elementor-sub-item elementor-item-anchor\"><span class=\"trp-menu-ls-label\" data-no-translation title=\"English\"><img loading=\"lazy\" src=\"https:\/\/egrant.sk\/wp-content\/plugins\/translatepress-multilingual\/assets\/flags\/4x3\/en_US.svg\" class=\"trp-flag-image\" alt=\"\" role=\"presentation\" decoding=\"async\" width=\"18\" height=\"14\" \/> <span class=\"trp-ls-language-name\">English<\/span><\/span><\/a><\/li>\n\t<li class=\"trp-language-switcher-container trp-menu-ls-item trp-menu-ls-desktop menu-item menu-item-type-post_type menu-item-object-language_switcher current-language-menu-item menu-item-9138\"><a href=\"https:\/\/egrant.sk\/hr\/wp-json\/wp\/v2\/pages\/8791\" class=\"elementor-sub-item elementor-item-anchor\"><span class=\"trp-menu-ls-label\" data-no-translation title=\"\u010ce\u0161tina\"><img loading=\"lazy\" src=\"https:\/\/egrant.sk\/wp-content\/plugins\/translatepress-multilingual\/assets\/flags\/4x3\/cs_CZ.svg\" class=\"trp-flag-image\" alt=\"\" role=\"presentation\" decoding=\"async\" width=\"18\" height=\"14\" \/> <span class=\"trp-ls-language-name\">\u010ce\u0161tina<\/span><\/span><\/a><\/li>\n\t<li class=\"trp-language-switcher-container trp-menu-ls-item trp-menu-ls-desktop menu-item menu-item-type-post_type menu-item-object-language_switcher current-language-menu-item menu-item-9136\"><a href=\"https:\/\/egrant.sk\/hr\/wp-json\/wp\/v2\/pages\/8791\" class=\"elementor-sub-item elementor-item-anchor\"><span class=\"trp-menu-ls-label\" data-no-translation title=\"\u0411\u044a\u043b\u0433\u0430\u0440\u0441\u043a\u0438\"><img loading=\"lazy\" src=\"https:\/\/egrant.sk\/wp-content\/plugins\/translatepress-multilingual\/assets\/flags\/4x3\/bg_BG.svg\" class=\"trp-flag-image\" alt=\"\" role=\"presentation\" decoding=\"async\" width=\"18\" height=\"14\" \/> <span class=\"trp-ls-language-name\">\u0411\u044a\u043b\u0433\u0430\u0440\u0441\u043a\u0438<\/span><\/span><\/a><\/li>\n\t<li class=\"trp-language-switcher-container trp-menu-ls-item trp-menu-ls-desktop menu-item menu-item-type-post_type menu-item-object-language_switcher current-language-menu-item menu-item-9140\"><a href=\"https:\/\/egrant.sk\/hr\/wp-json\/wp\/v2\/pages\/8791\" class=\"elementor-sub-item elementor-item-anchor\"><span class=\"trp-menu-ls-label\" data-no-translation title=\"Eesti\"><img loading=\"lazy\" src=\"https:\/\/egrant.sk\/wp-content\/plugins\/translatepress-multilingual\/assets\/flags\/4x3\/et.svg\" class=\"trp-flag-image\" alt=\"\" role=\"presentation\" decoding=\"async\" width=\"18\" height=\"14\" \/> <span class=\"trp-ls-language-name\">Eesti<\/span><\/span><\/a><\/li>\n\t<li class=\"trp-language-switcher-container trp-menu-ls-item trp-menu-ls-desktop menu-item menu-item-type-post_type menu-item-object-language_switcher current-language-menu-item menu-item-9141\"><a href=\"https:\/\/egrant.sk\/hr\/wp-json\/wp\/v2\/pages\/8791\" class=\"elementor-sub-item elementor-item-anchor\"><span class=\"trp-menu-ls-label\" data-no-translation title=\"Sloven\u010dina\"><img loading=\"lazy\" src=\"https:\/\/egrant.sk\/wp-content\/plugins\/translatepress-multilingual\/assets\/flags\/4x3\/sk_SK.svg\" class=\"trp-flag-image\" alt=\"\" role=\"presentation\" decoding=\"async\" width=\"18\" height=\"14\" \/> <span class=\"trp-ls-language-name\">Sloven\u010dina<\/span><\/span><\/a><\/li>\n<\/ul>\n<\/li>\n<\/ul>\t\t\t<\/nav>\n\t\t\t\t\t\t<nav class=\"elementor-nav-menu--dropdown elementor-nav-menu__container\" aria-hidden=\"true\">\n\t\t\t\t<ul id=\"menu-2-1bd004c\" class=\"elementor-nav-menu\"><li class=\"menu-item menu-item-type-post_type menu-item-object-page menu-item-7982\"><a href=\"https:\/\/egrant.sk\/hr\/blog\/\" class=\"elementor-item\" tabindex=\"-1\">Blog<\/a><\/li>\n<li class=\"menu-item menu-item-type-custom menu-item-object-custom menu-item-1440\"><a href=\"http:\/\/egrant.sk\/hr\/#Funkcie\" class=\"elementor-item elementor-item-anchor\" tabindex=\"-1\">Zna\u010dajke<\/a><\/li>\n<li class=\"menu-item menu-item-type-post_type menu-item-object-page menu-item-4908\"><a href=\"https:\/\/egrant.sk\/hr\/o-projekte-egrant\/\" class=\"elementor-item\" tabindex=\"-1\">O projektu EGRANT<\/a><\/li>\n<li class=\"menu-item menu-item-type-post_type menu-item-object-page menu-item-4906\"><a href=\"https:\/\/egrant.sk\/hr\/participativny-rozpocet\/\" class=\"elementor-item\" tabindex=\"-1\">Sudjelovno bud\u017eetiranje<\/a><\/li>\n<li class=\"menu-item menu-item-type-post_type menu-item-object-page menu-item-5367\"><a href=\"https:\/\/egrant.sk\/hr\/aplikacia-hlas\/\" class=\"elementor-item\" tabindex=\"-1\">Aplikacija za glas<\/a><\/li>\n<li class=\"menu-item menu-item-type-post_type menu-item-object-page menu-item-4907\"><a href=\"https:\/\/egrant.sk\/hr\/o-ellman\/\" class=\"elementor-item\" tabindex=\"-1\">O Ellmanu<\/a><\/li>\n<li class=\"menu-item menu-item-type-custom menu-item-object-custom menu-item-1437\"><a href=\"http:\/\/egrant.sk\/hr\/#Kontakt\" class=\"elementor-item elementor-item-anchor\" tabindex=\"-1\">Kontakt<\/a><\/li>\n<li class=\"menu-item menu-item-type-custom menu-item-object-custom menu-item-8418\"><a href=\"https:\/\/egrant.sk\/hr\/ochrana-osobnych-udajov\/\" class=\"elementor-item\" tabindex=\"-1\">GDPR<\/a><\/li>\n<li class=\"menu-item menu-item-type-post_type menu-item-object-page menu-item-8753\"><a href=\"https:\/\/egrant.sk\/hr\/eticky-kodex\/\" class=\"elementor-item\" tabindex=\"-1\">Etni\u010dki kodeks<\/a><\/li>\n<li class=\"menu-item menu-item-type-post_type menu-item-object-page menu-item-8813\"><a href=\"https:\/\/egrant.sk\/hr\/smernica-k-oznamovaniu-poruseni\/\" class=\"elementor-item\" tabindex=\"-1\">Smjernice za izvje\u0161tavanje o povredama<\/a><\/li>\n<li class=\"menu-item menu-item-type-post_type menu-item-object-page menu-item-8814\"><a href=\"https:\/\/egrant.sk\/hr\/eticky-kodex-hodnotitelov\/\" class=\"elementor-item\" tabindex=\"-1\">Etni\u010dki kodeks procjenitelja<\/a><\/li>\n<li class=\"menu-item menu-item-type-post_type menu-item-object-page menu-item-8815\"><a href=\"https:\/\/egrant.sk\/hr\/eticky-kodex-zamestnancov\/\" class=\"elementor-item\" tabindex=\"-1\">Etni\u010dki kodeks za zaposlenike<\/a><\/li>\n<li class=\"menu-item menu-item-type-post_type menu-item-object-page menu-item-8838\"><a href=\"https:\/\/egrant.sk\/hr\/vyhlasenie-o-konflikte-zaujmov\/\" class=\"elementor-item\" tabindex=\"-1\">Izjava o sukobu interesa<\/a><\/li>\n<li class=\"menu-item menu-item-type-post_type menu-item-object-page menu-item-8907\"><a href=\"https:\/\/egrant.sk\/hr\/gender-equity-plan\/\" class=\"elementor-item\" tabindex=\"-1\">Plan ravnopravnosti spolova<\/a><\/li>\n<li class=\"menu-item menu-item-type-post_type menu-item-object-page menu-item-8908\"><a href=\"https:\/\/egrant.sk\/hr\/plan-rodovej-rovnosti\/\" class=\"elementor-item\" tabindex=\"-1\">Kodeks ravnopravnosti spolova<\/a><\/li>\n<li class=\"trp-language-switcher-container trp-menu-ls-item trp-menu-ls-desktop current-language-menu-item menu-item menu-item-type-post_type menu-item-object-language_switcher menu-item-has-children menu-item-9135\"><a href=\"https:\/\/egrant.sk\/hr\/wp-json\/wp\/v2\/pages\/8791\" class=\"elementor-item elementor-item-anchor\" tabindex=\"-1\"><span class=\"trp-menu-ls-label\" data-no-translation title=\"Hrvatski\"><img loading=\"lazy\" src=\"https:\/\/egrant.sk\/wp-content\/plugins\/translatepress-multilingual\/assets\/flags\/4x3\/hr.svg\" class=\"trp-flag-image\" alt=\"\" role=\"presentation\" decoding=\"async\" width=\"18\" height=\"14\" \/> <span class=\"trp-ls-language-name\">Hrvatski<\/span><\/span><\/a>\n<ul class=\"sub-menu elementor-nav-menu--dropdown\">\n\t<li class=\"trp-language-switcher-container trp-menu-ls-item trp-menu-ls-desktop menu-item menu-item-type-post_type menu-item-object-language_switcher current-language-menu-item menu-item-9142\"><a href=\"https:\/\/egrant.sk\/hr\/wp-json\/wp\/v2\/pages\/8791\" class=\"elementor-sub-item elementor-item-anchor\" tabindex=\"-1\"><span class=\"trp-menu-ls-label\" data-no-translation title=\"Sloven\u0161\u010dina\"><img loading=\"lazy\" src=\"https:\/\/egrant.sk\/wp-content\/plugins\/translatepress-multilingual\/assets\/flags\/4x3\/sl_SI.svg\" class=\"trp-flag-image\" alt=\"\" role=\"presentation\" decoding=\"async\" width=\"18\" height=\"14\" \/> <span class=\"trp-ls-language-name\">Sloven\u0161\u010dina<\/span><\/span><\/a><\/li>\n\t<li class=\"trp-language-switcher-container trp-menu-ls-item trp-menu-ls-desktop menu-item menu-item-type-post_type menu-item-object-language_switcher current-language-menu-item menu-item-9139\"><a href=\"https:\/\/egrant.sk\/hr\/wp-json\/wp\/v2\/pages\/8791\" class=\"elementor-sub-item elementor-item-anchor\" tabindex=\"-1\"><span class=\"trp-menu-ls-label\" data-no-translation title=\"English\"><img loading=\"lazy\" src=\"https:\/\/egrant.sk\/wp-content\/plugins\/translatepress-multilingual\/assets\/flags\/4x3\/en_US.svg\" class=\"trp-flag-image\" alt=\"\" role=\"presentation\" decoding=\"async\" width=\"18\" height=\"14\" \/> <span class=\"trp-ls-language-name\">English<\/span><\/span><\/a><\/li>\n\t<li class=\"trp-language-switcher-container trp-menu-ls-item trp-menu-ls-desktop menu-item menu-item-type-post_type menu-item-object-language_switcher current-language-menu-item menu-item-9138\"><a href=\"https:\/\/egrant.sk\/hr\/wp-json\/wp\/v2\/pages\/8791\" class=\"elementor-sub-item elementor-item-anchor\" tabindex=\"-1\"><span class=\"trp-menu-ls-label\" data-no-translation title=\"\u010ce\u0161tina\"><img loading=\"lazy\" src=\"https:\/\/egrant.sk\/wp-content\/plugins\/translatepress-multilingual\/assets\/flags\/4x3\/cs_CZ.svg\" class=\"trp-flag-image\" alt=\"\" role=\"presentation\" decoding=\"async\" width=\"18\" height=\"14\" \/> <span class=\"trp-ls-language-name\">\u010ce\u0161tina<\/span><\/span><\/a><\/li>\n\t<li class=\"trp-language-switcher-container trp-menu-ls-item trp-menu-ls-desktop menu-item menu-item-type-post_type menu-item-object-language_switcher current-language-menu-item menu-item-9136\"><a href=\"https:\/\/egrant.sk\/hr\/wp-json\/wp\/v2\/pages\/8791\" class=\"elementor-sub-item elementor-item-anchor\" tabindex=\"-1\"><span class=\"trp-menu-ls-label\" data-no-translation title=\"\u0411\u044a\u043b\u0433\u0430\u0440\u0441\u043a\u0438\"><img loading=\"lazy\" src=\"https:\/\/egrant.sk\/wp-content\/plugins\/translatepress-multilingual\/assets\/flags\/4x3\/bg_BG.svg\" class=\"trp-flag-image\" alt=\"\" role=\"presentation\" decoding=\"async\" width=\"18\" height=\"14\" \/> <span class=\"trp-ls-language-name\">\u0411\u044a\u043b\u0433\u0430\u0440\u0441\u043a\u0438<\/span><\/span><\/a><\/li>\n\t<li class=\"trp-language-switcher-container trp-menu-ls-item trp-menu-ls-desktop menu-item menu-item-type-post_type menu-item-object-language_switcher current-language-menu-item menu-item-9140\"><a href=\"https:\/\/egrant.sk\/hr\/wp-json\/wp\/v2\/pages\/8791\" class=\"elementor-sub-item elementor-item-anchor\" tabindex=\"-1\"><span class=\"trp-menu-ls-label\" data-no-translation title=\"Eesti\"><img loading=\"lazy\" src=\"https:\/\/egrant.sk\/wp-content\/plugins\/translatepress-multilingual\/assets\/flags\/4x3\/et.svg\" class=\"trp-flag-image\" alt=\"\" role=\"presentation\" decoding=\"async\" width=\"18\" height=\"14\" \/> <span class=\"trp-ls-language-name\">Eesti<\/span><\/span><\/a><\/li>\n\t<li class=\"trp-language-switcher-container trp-menu-ls-item trp-menu-ls-desktop menu-item menu-item-type-post_type menu-item-object-language_switcher current-language-menu-item menu-item-9141\"><a href=\"https:\/\/egrant.sk\/hr\/wp-json\/wp\/v2\/pages\/8791\" class=\"elementor-sub-item elementor-item-anchor\" tabindex=\"-1\"><span class=\"trp-menu-ls-label\" data-no-translation title=\"Sloven\u010dina\"><img loading=\"lazy\" src=\"https:\/\/egrant.sk\/wp-content\/plugins\/translatepress-multilingual\/assets\/flags\/4x3\/sk_SK.svg\" class=\"trp-flag-image\" alt=\"\" role=\"presentation\" decoding=\"async\" width=\"18\" height=\"14\" \/> <span class=\"trp-ls-language-name\">Sloven\u010dina<\/span><\/span><\/a><\/li>\n<\/ul>\n<\/li>\n<\/ul>\t\t\t<\/nav>\n\t\t\t\t\t\t<\/div>\n\t\t\t\t<\/div>\n\t\t\t\t<div class=\"elementor-element elementor-element-b4be0f1 elementor-widget__width-inherit elementor-widget elementor-widget-image\" data-id=\"b4be0f1\" data-element_type=\"widget\" data-widget_type=\"image.default\">\n\t\t\t\t<div class=\"elementor-widget-container\">\n\t\t\t\t\t\t\t\t\t\t\t\t\t\t\t\t<a href=\"https:\/\/egrant.sk\/hr\/\">\n\t\t\t\t\t\t\t<img fetchpriority=\"high\" decoding=\"async\" width=\"729\" height=\"140\" src=\"https:\/\/egrant.sk\/wp-content\/uploads\/2024\/11\/logo-egrant.svg\" class=\"attachment-medium size-medium wp-image-4822\" alt=\"Logo Egrant\" \/>\t\t\t\t\t\t\t\t<\/a>\n\t\t\t\t\t\t\t\t\t\t\t\t\t\t\t<\/div>\n\t\t\t\t<\/div>\n\t\t\t\t<\/footer>\n\t\t\t\t<\/div>\n\t\t\t\t\t<\/div>\n\t\t\t\t<\/div>\n\t\t\t\t<\/div>","protected":false},"excerpt":{"rendered":"<p>Etick\u00fd k\u00f3dex hodnotite\u013eov\/-iek Rozhodovanie o podporen\u00fdch projektoch je zveren\u00e9 do r\u00fak externej odbornej komisie, ktorej \u010dlenovia a \u010dlenky sa zav\u00e4zuj\u00fa kona\u0165 v s\u00falade s k\u00f3dexom: Hodnotite\u013e\/ hodnotite\u013eka vo vz\u0165ahu k\u00a0hodnoteniu nesmie by\u0165 v\u00a0konflikte z\u00e1ujmov vo vz\u0165ahu k\u00a0\u017eiadate\u013eom. Hodnotite\u013e mus\u00ed bezodkladne informova\u0165 priameho nadriaden\u00e9ho o\u00a0akejko\u013evek situ\u00e1cii, ktor\u00e1 je pova\u017eovan\u00e1 za konflikt z\u00e1ujmov alebo ktor\u00e1 by mohla [&hellip;]<\/p>\n","protected":false},"author":1,"featured_media":0,"parent":0,"menu_order":0,"comment_status":"closed","ping_status":"closed","template":"","meta":{"footnotes":""},"class_list":["post-8791","page","type-page","status-publish","hentry"],"blocksy_meta":[],"_links":{"self":[{"href":"https:\/\/egrant.sk\/hr\/wp-json\/wp\/v2\/pages\/8791","targetHints":{"allow":["GET"]}}],"collection":[{"href":"https:\/\/egrant.sk\/hr\/wp-json\/wp\/v2\/pages"}],"about":[{"href":"https:\/\/egrant.sk\/hr\/wp-json\/wp\/v2\/types\/page"}],"author":[{"embeddable":true,"href":"https:\/\/egrant.sk\/hr\/wp-json\/wp\/v2\/users\/1"}],"replies":[{"embeddable":true,"href":"https:\/\/egrant.sk\/hr\/wp-json\/wp\/v2\/comments?post=8791"}],"version-history":[{"count":10,"href":"https:\/\/egrant.sk\/hr\/wp-json\/wp\/v2\/pages\/8791\/revisions"}],"predecessor-version":[{"id":8802,"href":"https:\/\/egrant.sk\/hr\/wp-json\/wp\/v2\/pages\/8791\/revisions\/8802"}],"wp:attachment":[{"href":"https:\/\/egrant.sk\/hr\/wp-json\/wp\/v2\/media?parent=8791"}],"curies":[{"name":"wp","href":"https:\/\/api.w.org\/{rel}","templated":true}]}}