{"id":8807,"date":"2025-10-06T10:24:01","date_gmt":"2025-10-06T08:24:01","guid":{"rendered":"https:\/\/egrant.sk\/?page_id=8807"},"modified":"2025-10-06T10:28:38","modified_gmt":"2025-10-06T08:28:38","slug":"smernica-k-oznamovaniu-poruseni","status":"publish","type":"page","link":"https:\/\/egrant.sk\/sl\/smernica-k-oznamovaniu-poruseni\/","title":{"rendered":"Direktiva o obve\u0161\u010danju o kr\u0161itvah"},"content":{"rendered":"<div data-elementor-type=\"wp-page\" data-elementor-id=\"8807\" class=\"elementor elementor-8807\" data-elementor-post-type=\"page\">\n\t\t\t\t<div class=\"elementor-element elementor-element-1c7977a e-flex e-con-boxed e-con e-parent\" data-id=\"1c7977a\" data-element_type=\"container\">\n\t\t\t\t\t<div class=\"e-con-inner\">\n\t\t<div class=\"elementor-element elementor-element-43fbd2a e-con-full e-flex e-con e-child\" data-id=\"43fbd2a\" data-element_type=\"container\">\n\t\t<div class=\"elementor-element elementor-element-e8a0ee1 e-con-full e-flex e-con e-child\" data-id=\"e8a0ee1\" data-element_type=\"container\">\n\t\t<header class=\"elementor-element elementor-element-fe481cc e-con-full e-flex e-con e-child\" data-id=\"fe481cc\" data-element_type=\"container\">\n\t\t\t\t<div class=\"elementor-element elementor-element-1c3b9c1 elementor-widget elementor-widget-heading\" data-id=\"1c3b9c1\" data-element_type=\"widget\" data-widget_type=\"heading.default\">\n\t\t\t\t<div class=\"elementor-widget-container\">\n\t\t\t\t\t<h1 class=\"elementor-heading-title elementor-size-default\"><strong style=\"caret-color: rgb(0, 0, 0); color: rgb(0, 0, 0); text-align: start; white-space: normal;\">Direktiva o obve\u0161\u010danju o kr\u0161itvah <\/strong><\/h1>\t\t\t\t<\/div>\n\t\t\t\t<\/div>\n\t\t\t\t<div class=\"elementor-element elementor-element-b8885d4 elementor-widget elementor-widget-spacer\" data-id=\"b8885d4\" data-element_type=\"widget\" data-widget_type=\"spacer.default\">\n\t\t\t\t<div class=\"elementor-widget-container\">\n\t\t\t\t\t\t\t<div class=\"elementor-spacer\">\n\t\t\t<div class=\"elementor-spacer-inner\"><\/div>\n\t\t<\/div>\n\t\t\t\t\t\t<\/div>\n\t\t\t\t<\/div>\n\t\t\t\t<div class=\"elementor-element elementor-element-ab1fd93 elementor-widget__width-inherit elementor-widget elementor-widget-text-editor\" data-id=\"ab1fd93\" data-element_type=\"widget\" data-widget_type=\"text-editor.default\">\n\t\t\t\t<div class=\"elementor-widget-container\">\n\t\t\t\t\t\t\t\t\t<p style=\"font-weight: 400;\">Adresovan\u00e1 Ellman, s.r.o. a WellGiving, o.z., ktor\u00e9 uzavreli partnerstvo, s cie\u013eom poskytova\u0165 partnerom p\u00f4sobiacim v oblasti filantropie, darcovstva a podpory verejnoprospe\u0161n\u00fdch projektov expert\u00edzu, dlhodob\u00e9 sk\u00fasenosti, kvalitn\u00e9 a dostupn\u00e9 slu\u017eby.<\/p>\n<p style=\"font-weight: 400;\">pre v\u0161etky osoby zapojen\u00e9 do programov administrovan\u00fdch pre partnersk\u00e9 organiz\u00e1cie.<\/p>\n\n<p style=\"font-weight: 400;\"><strong>\u00da\u010del<\/strong><\/p>\n<p style=\"font-weight: 400;\">Umo\u017eni\u0165 bezpe\u010dn\u00e9, d\u00f4vern\u00e9 a spravodliv\u00e9 ozn\u00e1menie podozren\u00ed z poru\u0161enia k\u00f3dexu, intern\u00fdch pravidiel alebo pr\u00e1vnych predpisov.<\/p>\n\n<p style=\"font-weight: 400;\"><strong>Kan\u00e1ly<\/strong><\/p>\n\n<table style=\"border-collapse: collapse; width: 100%; font-weight: 400; border: 1px solid #000;\">\n  <thead>\n    <tr>\n      <th style=\"border: 1px solid #000; padding: 8px;\"><strong>E-mail<\/strong><\/th>\n      <th style=\"border: 1px solid #000; padding: 8px;\"><strong>Online formul\u00e1r (URL)<\/strong><\/th>\n      <th style=\"border: 1px solid #000; padding: 8px;\"><strong>Po\u0161tov\u00e1 adresa<\/strong><\/th>\n    <\/tr>\n  <\/thead>\n  <tbody>\n    <tr>\n      <td style=\"border: 1px solid #000; padding: 8px;\">zuzana.kamenicka@egrant.sk<\/td>\n      <td style=\"border: 1px solid #000; padding: 8px;\">Prostredn\u00edctvom odkazu \u201cM\u00e1te ot\u00e1zku\u201d v profile ka\u017ed\u00e9ho klienta<\/td>\n      <td style=\"border: 1px solid #000; padding: 8px;\">\n        WellGiving, o.z.<br>\n        Partiz\u00e1nska 2<br>\n        811 03 Bratislava<br><br>\n        ELLMAN, s.r.o.<br>\n        Partiz\u00e1nska 2<br>\n        811 03 Bratislava\n      <\/td>\n    <\/tr>\n  <\/tbody>\n<\/table>\n\n<p style=\"font-weight: 400;\"><strong>Postup<\/strong><\/p>\n<p style=\"font-weight: 400;\">\n1) Potvrdenie prijatia do 7 dn\u00ed.<br>\n2) Predbe\u017en\u00e9 pos\u00fadenie a pl\u00e1n preverenia do 30 dn\u00ed.<br>\n3) Nestrann\u00e9 \u0161etrenie, dokument\u00e1cia krokov, ochrana d\u00f4vernosti.<br>\n4) Vyrozumenie oznamovate\u013ea v medziach z\u00e1kona.\n<\/p>\n\n<p style=\"font-weight: 400;\"><strong>Ochrana oznamovate\u013ea<\/strong><\/p>\n<p style=\"font-weight: 400;\">Z\u00e1kaz odvetn\u00fdch opatren\u00ed; mo\u017enos\u0165 anonymn\u00e9ho ozn\u00e1menia; primeran\u00e9 interim opatrenia.<\/p>\n\n<p style=\"font-weight: 400;\"><strong>Uchov\u00e1vanie a uzatvorenie pr\u00edpadu<\/strong><\/p>\n<p style=\"font-weight: 400;\">Evidencia v registri ozn\u00e1men\u00ed (bez osobn\u00fdch \u00fadajov, ak to nie je nutn\u00e9). Bezpe\u010dn\u00e9 uchovanie spisu po nevyhnutn\u00fa dobu pod\u013ea z\u00e1kona.<\/p>\t\t\t\t\t\t\t\t<\/div>\n\t\t\t\t<\/div>\n\t\t\t\t<\/header>\n\t\t\t\t<\/div>\n\t\t<footer class=\"elementor-element elementor-element-3e7d046 e-con-full e-flex e-con e-child\" data-id=\"3e7d046\" data-element_type=\"container\">\n\t\t\t\t<div class=\"elementor-element elementor-element-55c9f67 elementor-nav-menu__align-center elementor-nav-menu--dropdown-tablet elementor-nav-menu__text-align-aside elementor-widget elementor-widget-nav-menu\" data-id=\"55c9f67\" data-element_type=\"widget\" data-settings=\"{&quot;layout&quot;:&quot;horizontal&quot;,&quot;submenu_icon&quot;:{&quot;value&quot;:&quot;&lt;svg class=\\&quot;e-font-icon-svg e-fas-caret-down\\&quot; viewBox=\\&quot;0 0 320 512\\&quot; xmlns=\\&quot;http:\\\/\\\/www.w3.org\\\/2000\\\/svg\\&quot;&gt;&lt;path d=\\&quot;M31.3 192h257.3c17.8 0 26.7 21.5 14.1 34.1L174.1 354.8c-7.8 7.8-20.5 7.8-28.3 0L17.2 226.1C4.6 213.5 13.5 192 31.3 192z\\&quot;&gt;&lt;\\\/path&gt;&lt;\\\/svg&gt;&quot;,&quot;library&quot;:&quot;fa-solid&quot;}}\" data-widget_type=\"nav-menu.default\">\n\t\t\t\t<div class=\"elementor-widget-container\">\n\t\t\t\t\t\t\t\t<nav class=\"elementor-nav-menu--main elementor-nav-menu__container elementor-nav-menu--layout-horizontal e--pointer-underline e--animation-fade\">\n\t\t\t\t<ul id=\"menu-1-55c9f67\" class=\"elementor-nav-menu\"><li class=\"menu-item menu-item-type-post_type menu-item-object-page menu-item-7982\"><a href=\"https:\/\/egrant.sk\/sl\/blog\/\" class=\"elementor-item\">Blog<\/a><\/li>\n<li class=\"menu-item menu-item-type-custom menu-item-object-custom menu-item-1440\"><a href=\"http:\/\/egrant.sk\/sl\/#Funkcie\" class=\"elementor-item elementor-item-anchor\">Zna\u010dilnosti<\/a><\/li>\n<li class=\"menu-item menu-item-type-post_type menu-item-object-page menu-item-4908\"><a href=\"https:\/\/egrant.sk\/sl\/o-projekte-egrant\/\" class=\"elementor-item\">O projektu EGRANT<\/a><\/li>\n<li class=\"menu-item menu-item-type-post_type menu-item-object-page menu-item-4906\"><a href=\"https:\/\/egrant.sk\/sl\/participativny-rozpocet\/\" class=\"elementor-item\">Participativni prora\u010dun<\/a><\/li>\n<li class=\"menu-item menu-item-type-post_type menu-item-object-page menu-item-5367\"><a href=\"https:\/\/egrant.sk\/sl\/aplikacia-hlas\/\" class=\"elementor-item\">Glasovna aplikacija<\/a><\/li>\n<li class=\"menu-item menu-item-type-post_type menu-item-object-page menu-item-4907\"><a href=\"https:\/\/egrant.sk\/sl\/o-ellman\/\" class=\"elementor-item\">O podjetju Ellman<\/a><\/li>\n<li class=\"menu-item menu-item-type-custom menu-item-object-custom menu-item-1437\"><a href=\"http:\/\/egrant.sk\/sl\/#Kontakt\" class=\"elementor-item elementor-item-anchor\">Pi\u0161ite na<\/a><\/li>\n<li class=\"menu-item menu-item-type-custom menu-item-object-custom menu-item-8418\"><a href=\"https:\/\/egrant.sk\/sl\/ochrana-osobnych-udajov\/\" class=\"elementor-item\">GDPR<\/a><\/li>\n<li class=\"menu-item menu-item-type-post_type menu-item-object-page menu-item-8753\"><a href=\"https:\/\/egrant.sk\/sl\/eticky-kodex\/\" class=\"elementor-item\">Eti\u010dni kodeks<\/a><\/li>\n<li class=\"menu-item menu-item-type-post_type menu-item-object-page menu-item-8813\"><a href=\"https:\/\/egrant.sk\/sl\/smernica-k-oznamovaniu-poruseni\/\" class=\"elementor-item\">Direktiva o obve\u0161\u010danju o kr\u0161itvah<\/a><\/li>\n<li class=\"menu-item menu-item-type-post_type menu-item-object-page menu-item-8814\"><a href=\"https:\/\/egrant.sk\/sl\/eticky-kodex-hodnotitelov\/\" class=\"elementor-item\">Eti\u010dni kodeks za ocenjevalce<\/a><\/li>\n<li class=\"menu-item menu-item-type-post_type menu-item-object-page menu-item-8815\"><a href=\"https:\/\/egrant.sk\/sl\/eticky-kodex-zamestnancov\/\" class=\"elementor-item\">Kodeks ravnanja zaposlenih<\/a><\/li>\n<li class=\"menu-item menu-item-type-post_type menu-item-object-page menu-item-8838\"><a href=\"https:\/\/egrant.sk\/sl\/vyhlasenie-o-konflikte-zaujmov\/\" class=\"elementor-item\">Izjava o navzkri\u017eju interesov<\/a><\/li>\n<li class=\"menu-item menu-item-type-post_type menu-item-object-page menu-item-8907\"><a href=\"https:\/\/egrant.sk\/sl\/gender-equity-plan\/\" class=\"elementor-item\">Na\u010drt za enakost spolov<\/a><\/li>\n<li class=\"menu-item menu-item-type-post_type menu-item-object-page menu-item-8908\"><a href=\"https:\/\/egrant.sk\/sl\/plan-rodovej-rovnosti\/\" class=\"elementor-item\">Kodeks o enakosti spolov<\/a><\/li>\n<li class=\"trp-language-switcher-container trp-menu-ls-item trp-menu-ls-desktop current-language-menu-item menu-item menu-item-type-post_type menu-item-object-language_switcher menu-item-has-children menu-item-9135\"><a href=\"https:\/\/egrant.sk\/sl\/wp-json\/wp\/v2\/pages\/8807\" class=\"elementor-item elementor-item-anchor\"><span class=\"trp-menu-ls-label\" data-no-translation title=\"Sloven\u0161\u010dina\"><img loading=\"lazy\" src=\"https:\/\/egrant.sk\/wp-content\/plugins\/translatepress-multilingual\/assets\/flags\/4x3\/sl_SI.svg\" class=\"trp-flag-image\" alt=\"\" role=\"presentation\" decoding=\"async\" width=\"18\" height=\"14\" \/> <span class=\"trp-ls-language-name\">Sloven\u0161\u010dina<\/span><\/span><\/a>\n<ul class=\"sub-menu elementor-nav-menu--dropdown\">\n\t<li class=\"trp-language-switcher-container trp-menu-ls-item trp-menu-ls-desktop menu-item menu-item-type-post_type menu-item-object-language_switcher current-language-menu-item menu-item-9139\"><a href=\"https:\/\/egrant.sk\/sl\/wp-json\/wp\/v2\/pages\/8807\" class=\"elementor-sub-item elementor-item-anchor\"><span class=\"trp-menu-ls-label\" data-no-translation title=\"English\"><img loading=\"lazy\" src=\"https:\/\/egrant.sk\/wp-content\/plugins\/translatepress-multilingual\/assets\/flags\/4x3\/en_US.svg\" class=\"trp-flag-image\" alt=\"\" role=\"presentation\" decoding=\"async\" width=\"18\" height=\"14\" \/> <span class=\"trp-ls-language-name\">English<\/span><\/span><\/a><\/li>\n\t<li class=\"trp-language-switcher-container trp-menu-ls-item trp-menu-ls-desktop menu-item menu-item-type-post_type menu-item-object-language_switcher current-language-menu-item menu-item-9138\"><a href=\"https:\/\/egrant.sk\/sl\/wp-json\/wp\/v2\/pages\/8807\" class=\"elementor-sub-item elementor-item-anchor\"><span class=\"trp-menu-ls-label\" data-no-translation title=\"\u010ce\u0161tina\"><img loading=\"lazy\" src=\"https:\/\/egrant.sk\/wp-content\/plugins\/translatepress-multilingual\/assets\/flags\/4x3\/cs_CZ.svg\" class=\"trp-flag-image\" alt=\"\" role=\"presentation\" decoding=\"async\" width=\"18\" height=\"14\" \/> <span class=\"trp-ls-language-name\">\u010ce\u0161tina<\/span><\/span><\/a><\/li>\n\t<li class=\"trp-language-switcher-container trp-menu-ls-item trp-menu-ls-desktop menu-item menu-item-type-post_type menu-item-object-language_switcher current-language-menu-item menu-item-9136\"><a href=\"https:\/\/egrant.sk\/sl\/wp-json\/wp\/v2\/pages\/8807\" class=\"elementor-sub-item elementor-item-anchor\"><span class=\"trp-menu-ls-label\" data-no-translation title=\"\u0411\u044a\u043b\u0433\u0430\u0440\u0441\u043a\u0438\"><img loading=\"lazy\" src=\"https:\/\/egrant.sk\/wp-content\/plugins\/translatepress-multilingual\/assets\/flags\/4x3\/bg_BG.svg\" class=\"trp-flag-image\" alt=\"\" role=\"presentation\" decoding=\"async\" width=\"18\" height=\"14\" \/> <span class=\"trp-ls-language-name\">\u0411\u044a\u043b\u0433\u0430\u0440\u0441\u043a\u0438<\/span><\/span><\/a><\/li>\n\t<li class=\"trp-language-switcher-container trp-menu-ls-item trp-menu-ls-desktop menu-item menu-item-type-post_type menu-item-object-language_switcher current-language-menu-item menu-item-9137\"><a href=\"https:\/\/egrant.sk\/sl\/wp-json\/wp\/v2\/pages\/8807\" class=\"elementor-sub-item elementor-item-anchor\"><span class=\"trp-menu-ls-label\" data-no-translation title=\"Hrvatski\"><img loading=\"lazy\" src=\"https:\/\/egrant.sk\/wp-content\/plugins\/translatepress-multilingual\/assets\/flags\/4x3\/hr.svg\" class=\"trp-flag-image\" alt=\"\" role=\"presentation\" decoding=\"async\" width=\"18\" height=\"14\" \/> <span class=\"trp-ls-language-name\">Hrvatski<\/span><\/span><\/a><\/li>\n\t<li class=\"trp-language-switcher-container trp-menu-ls-item trp-menu-ls-desktop menu-item menu-item-type-post_type menu-item-object-language_switcher current-language-menu-item menu-item-9140\"><a href=\"https:\/\/egrant.sk\/sl\/wp-json\/wp\/v2\/pages\/8807\" class=\"elementor-sub-item elementor-item-anchor\"><span class=\"trp-menu-ls-label\" data-no-translation title=\"Eesti\"><img loading=\"lazy\" src=\"https:\/\/egrant.sk\/wp-content\/plugins\/translatepress-multilingual\/assets\/flags\/4x3\/et.svg\" class=\"trp-flag-image\" alt=\"\" role=\"presentation\" decoding=\"async\" width=\"18\" height=\"14\" \/> <span class=\"trp-ls-language-name\">Eesti<\/span><\/span><\/a><\/li>\n\t<li class=\"trp-language-switcher-container trp-menu-ls-item trp-menu-ls-desktop menu-item menu-item-type-post_type menu-item-object-language_switcher current-language-menu-item menu-item-9141\"><a href=\"https:\/\/egrant.sk\/sl\/wp-json\/wp\/v2\/pages\/8807\" class=\"elementor-sub-item elementor-item-anchor\"><span class=\"trp-menu-ls-label\" data-no-translation title=\"Sloven\u010dina\"><img loading=\"lazy\" src=\"https:\/\/egrant.sk\/wp-content\/plugins\/translatepress-multilingual\/assets\/flags\/4x3\/sk_SK.svg\" class=\"trp-flag-image\" alt=\"\" role=\"presentation\" decoding=\"async\" width=\"18\" height=\"14\" \/> <span class=\"trp-ls-language-name\">Sloven\u010dina<\/span><\/span><\/a><\/li>\n<\/ul>\n<\/li>\n<\/ul>\t\t\t<\/nav>\n\t\t\t\t\t\t<nav class=\"elementor-nav-menu--dropdown elementor-nav-menu__container\" aria-hidden=\"true\">\n\t\t\t\t<ul id=\"menu-2-55c9f67\" class=\"elementor-nav-menu\"><li class=\"menu-item menu-item-type-post_type menu-item-object-page menu-item-7982\"><a href=\"https:\/\/egrant.sk\/sl\/blog\/\" class=\"elementor-item\" tabindex=\"-1\">Blog<\/a><\/li>\n<li class=\"menu-item menu-item-type-custom menu-item-object-custom menu-item-1440\"><a href=\"http:\/\/egrant.sk\/sl\/#Funkcie\" class=\"elementor-item elementor-item-anchor\" tabindex=\"-1\">Zna\u010dilnosti<\/a><\/li>\n<li class=\"menu-item menu-item-type-post_type menu-item-object-page menu-item-4908\"><a href=\"https:\/\/egrant.sk\/sl\/o-projekte-egrant\/\" class=\"elementor-item\" tabindex=\"-1\">O projektu EGRANT<\/a><\/li>\n<li class=\"menu-item menu-item-type-post_type menu-item-object-page menu-item-4906\"><a href=\"https:\/\/egrant.sk\/sl\/participativny-rozpocet\/\" class=\"elementor-item\" tabindex=\"-1\">Participativni prora\u010dun<\/a><\/li>\n<li class=\"menu-item menu-item-type-post_type menu-item-object-page menu-item-5367\"><a href=\"https:\/\/egrant.sk\/sl\/aplikacia-hlas\/\" class=\"elementor-item\" tabindex=\"-1\">Glasovna aplikacija<\/a><\/li>\n<li class=\"menu-item menu-item-type-post_type menu-item-object-page menu-item-4907\"><a href=\"https:\/\/egrant.sk\/sl\/o-ellman\/\" class=\"elementor-item\" tabindex=\"-1\">O podjetju Ellman<\/a><\/li>\n<li class=\"menu-item menu-item-type-custom menu-item-object-custom menu-item-1437\"><a href=\"http:\/\/egrant.sk\/sl\/#Kontakt\" class=\"elementor-item elementor-item-anchor\" tabindex=\"-1\">Pi\u0161ite na<\/a><\/li>\n<li class=\"menu-item menu-item-type-custom menu-item-object-custom menu-item-8418\"><a href=\"https:\/\/egrant.sk\/sl\/ochrana-osobnych-udajov\/\" class=\"elementor-item\" tabindex=\"-1\">GDPR<\/a><\/li>\n<li class=\"menu-item menu-item-type-post_type menu-item-object-page menu-item-8753\"><a href=\"https:\/\/egrant.sk\/sl\/eticky-kodex\/\" class=\"elementor-item\" tabindex=\"-1\">Eti\u010dni kodeks<\/a><\/li>\n<li class=\"menu-item menu-item-type-post_type menu-item-object-page menu-item-8813\"><a href=\"https:\/\/egrant.sk\/sl\/smernica-k-oznamovaniu-poruseni\/\" class=\"elementor-item\" tabindex=\"-1\">Direktiva o obve\u0161\u010danju o kr\u0161itvah<\/a><\/li>\n<li class=\"menu-item menu-item-type-post_type menu-item-object-page menu-item-8814\"><a href=\"https:\/\/egrant.sk\/sl\/eticky-kodex-hodnotitelov\/\" class=\"elementor-item\" tabindex=\"-1\">Eti\u010dni kodeks za ocenjevalce<\/a><\/li>\n<li class=\"menu-item menu-item-type-post_type menu-item-object-page menu-item-8815\"><a href=\"https:\/\/egrant.sk\/sl\/eticky-kodex-zamestnancov\/\" class=\"elementor-item\" tabindex=\"-1\">Kodeks ravnanja zaposlenih<\/a><\/li>\n<li class=\"menu-item menu-item-type-post_type menu-item-object-page menu-item-8838\"><a href=\"https:\/\/egrant.sk\/sl\/vyhlasenie-o-konflikte-zaujmov\/\" class=\"elementor-item\" tabindex=\"-1\">Izjava o navzkri\u017eju interesov<\/a><\/li>\n<li class=\"menu-item menu-item-type-post_type menu-item-object-page menu-item-8907\"><a href=\"https:\/\/egrant.sk\/sl\/gender-equity-plan\/\" class=\"elementor-item\" tabindex=\"-1\">Na\u010drt za enakost spolov<\/a><\/li>\n<li class=\"menu-item menu-item-type-post_type menu-item-object-page menu-item-8908\"><a href=\"https:\/\/egrant.sk\/sl\/plan-rodovej-rovnosti\/\" class=\"elementor-item\" tabindex=\"-1\">Kodeks o enakosti spolov<\/a><\/li>\n<li class=\"trp-language-switcher-container trp-menu-ls-item trp-menu-ls-desktop current-language-menu-item menu-item menu-item-type-post_type menu-item-object-language_switcher menu-item-has-children menu-item-9135\"><a href=\"https:\/\/egrant.sk\/sl\/wp-json\/wp\/v2\/pages\/8807\" class=\"elementor-item elementor-item-anchor\" tabindex=\"-1\"><span class=\"trp-menu-ls-label\" data-no-translation title=\"Sloven\u0161\u010dina\"><img loading=\"lazy\" src=\"https:\/\/egrant.sk\/wp-content\/plugins\/translatepress-multilingual\/assets\/flags\/4x3\/sl_SI.svg\" class=\"trp-flag-image\" alt=\"\" role=\"presentation\" decoding=\"async\" width=\"18\" height=\"14\" \/> <span class=\"trp-ls-language-name\">Sloven\u0161\u010dina<\/span><\/span><\/a>\n<ul class=\"sub-menu elementor-nav-menu--dropdown\">\n\t<li class=\"trp-language-switcher-container trp-menu-ls-item trp-menu-ls-desktop menu-item menu-item-type-post_type menu-item-object-language_switcher current-language-menu-item menu-item-9139\"><a href=\"https:\/\/egrant.sk\/sl\/wp-json\/wp\/v2\/pages\/8807\" class=\"elementor-sub-item elementor-item-anchor\" tabindex=\"-1\"><span class=\"trp-menu-ls-label\" data-no-translation title=\"English\"><img loading=\"lazy\" src=\"https:\/\/egrant.sk\/wp-content\/plugins\/translatepress-multilingual\/assets\/flags\/4x3\/en_US.svg\" class=\"trp-flag-image\" alt=\"\" role=\"presentation\" decoding=\"async\" width=\"18\" height=\"14\" \/> <span class=\"trp-ls-language-name\">English<\/span><\/span><\/a><\/li>\n\t<li class=\"trp-language-switcher-container trp-menu-ls-item trp-menu-ls-desktop menu-item menu-item-type-post_type menu-item-object-language_switcher current-language-menu-item menu-item-9138\"><a href=\"https:\/\/egrant.sk\/sl\/wp-json\/wp\/v2\/pages\/8807\" class=\"elementor-sub-item elementor-item-anchor\" tabindex=\"-1\"><span class=\"trp-menu-ls-label\" data-no-translation title=\"\u010ce\u0161tina\"><img loading=\"lazy\" src=\"https:\/\/egrant.sk\/wp-content\/plugins\/translatepress-multilingual\/assets\/flags\/4x3\/cs_CZ.svg\" class=\"trp-flag-image\" alt=\"\" role=\"presentation\" decoding=\"async\" width=\"18\" height=\"14\" \/> <span class=\"trp-ls-language-name\">\u010ce\u0161tina<\/span><\/span><\/a><\/li>\n\t<li class=\"trp-language-switcher-container trp-menu-ls-item trp-menu-ls-desktop menu-item menu-item-type-post_type menu-item-object-language_switcher current-language-menu-item menu-item-9136\"><a href=\"https:\/\/egrant.sk\/sl\/wp-json\/wp\/v2\/pages\/8807\" class=\"elementor-sub-item elementor-item-anchor\" tabindex=\"-1\"><span class=\"trp-menu-ls-label\" data-no-translation title=\"\u0411\u044a\u043b\u0433\u0430\u0440\u0441\u043a\u0438\"><img loading=\"lazy\" src=\"https:\/\/egrant.sk\/wp-content\/plugins\/translatepress-multilingual\/assets\/flags\/4x3\/bg_BG.svg\" class=\"trp-flag-image\" alt=\"\" role=\"presentation\" decoding=\"async\" width=\"18\" height=\"14\" \/> <span class=\"trp-ls-language-name\">\u0411\u044a\u043b\u0433\u0430\u0440\u0441\u043a\u0438<\/span><\/span><\/a><\/li>\n\t<li class=\"trp-language-switcher-container trp-menu-ls-item trp-menu-ls-desktop menu-item menu-item-type-post_type menu-item-object-language_switcher current-language-menu-item menu-item-9137\"><a href=\"https:\/\/egrant.sk\/sl\/wp-json\/wp\/v2\/pages\/8807\" class=\"elementor-sub-item elementor-item-anchor\" tabindex=\"-1\"><span class=\"trp-menu-ls-label\" data-no-translation title=\"Hrvatski\"><img loading=\"lazy\" src=\"https:\/\/egrant.sk\/wp-content\/plugins\/translatepress-multilingual\/assets\/flags\/4x3\/hr.svg\" class=\"trp-flag-image\" alt=\"\" role=\"presentation\" decoding=\"async\" width=\"18\" height=\"14\" \/> <span class=\"trp-ls-language-name\">Hrvatski<\/span><\/span><\/a><\/li>\n\t<li class=\"trp-language-switcher-container trp-menu-ls-item trp-menu-ls-desktop menu-item menu-item-type-post_type menu-item-object-language_switcher current-language-menu-item menu-item-9140\"><a href=\"https:\/\/egrant.sk\/sl\/wp-json\/wp\/v2\/pages\/8807\" class=\"elementor-sub-item elementor-item-anchor\" tabindex=\"-1\"><span class=\"trp-menu-ls-label\" data-no-translation title=\"Eesti\"><img loading=\"lazy\" src=\"https:\/\/egrant.sk\/wp-content\/plugins\/translatepress-multilingual\/assets\/flags\/4x3\/et.svg\" class=\"trp-flag-image\" alt=\"\" role=\"presentation\" decoding=\"async\" width=\"18\" height=\"14\" \/> <span class=\"trp-ls-language-name\">Eesti<\/span><\/span><\/a><\/li>\n\t<li class=\"trp-language-switcher-container trp-menu-ls-item trp-menu-ls-desktop menu-item menu-item-type-post_type menu-item-object-language_switcher current-language-menu-item menu-item-9141\"><a href=\"https:\/\/egrant.sk\/sl\/wp-json\/wp\/v2\/pages\/8807\" class=\"elementor-sub-item elementor-item-anchor\" tabindex=\"-1\"><span class=\"trp-menu-ls-label\" data-no-translation title=\"Sloven\u010dina\"><img loading=\"lazy\" src=\"https:\/\/egrant.sk\/wp-content\/plugins\/translatepress-multilingual\/assets\/flags\/4x3\/sk_SK.svg\" class=\"trp-flag-image\" alt=\"\" role=\"presentation\" decoding=\"async\" width=\"18\" height=\"14\" \/> <span class=\"trp-ls-language-name\">Sloven\u010dina<\/span><\/span><\/a><\/li>\n<\/ul>\n<\/li>\n<\/ul>\t\t\t<\/nav>\n\t\t\t\t\t\t<\/div>\n\t\t\t\t<\/div>\n\t\t\t\t<div class=\"elementor-element elementor-element-e2e98ea elementor-widget__width-inherit elementor-widget elementor-widget-image\" data-id=\"e2e98ea\" data-element_type=\"widget\" data-widget_type=\"image.default\">\n\t\t\t\t<div class=\"elementor-widget-container\">\n\t\t\t\t\t\t\t\t\t\t\t\t\t\t\t\t<a href=\"https:\/\/egrant.sk\/sl\/\">\n\t\t\t\t\t\t\t<img fetchpriority=\"high\" decoding=\"async\" width=\"729\" height=\"140\" src=\"https:\/\/egrant.sk\/wp-content\/uploads\/2024\/11\/logo-egrant.svg\" class=\"attachment-medium size-medium wp-image-4822\" alt=\"Logo Egrant\" \/>\t\t\t\t\t\t\t\t<\/a>\n\t\t\t\t\t\t\t\t\t\t\t\t\t\t\t<\/div>\n\t\t\t\t<\/div>\n\t\t\t\t<\/footer>\n\t\t\t\t<\/div>\n\t\t\t\t\t<\/div>\n\t\t\t\t<\/div>\n\t\t\t\t<\/div>","protected":false},"excerpt":{"rendered":"<p>Smernica k oznamovaniu poru\u0161en\u00ed Adresovan\u00e1 Ellman, s.r.o. a WellGiving, o.z., ktor\u00e9 uzavreli partnerstvo, s cie\u013eom poskytova\u0165 partnerom p\u00f4sobiacim v oblasti filantropie, darcovstva a podpory verejnoprospe\u0161n\u00fdch projektov expert\u00edzu, dlhodob\u00e9 sk\u00fasenosti, kvalitn\u00e9 a dostupn\u00e9 slu\u017eby. pre v\u0161etky osoby zapojen\u00e9 do programov administrovan\u00fdch pre partnersk\u00e9 organiz\u00e1cie. \u00da\u010del Umo\u017eni\u0165 bezpe\u010dn\u00e9, d\u00f4vern\u00e9 a spravodliv\u00e9 ozn\u00e1menie podozren\u00ed z poru\u0161enia k\u00f3dexu, intern\u00fdch [&hellip;]<\/p>\n","protected":false},"author":1,"featured_media":0,"parent":0,"menu_order":0,"comment_status":"closed","ping_status":"closed","template":"","meta":{"footnotes":""},"class_list":["post-8807","page","type-page","status-publish","hentry"],"blocksy_meta":[],"_links":{"self":[{"href":"https:\/\/egrant.sk\/sl\/wp-json\/wp\/v2\/pages\/8807","targetHints":{"allow":["GET"]}}],"collection":[{"href":"https:\/\/egrant.sk\/sl\/wp-json\/wp\/v2\/pages"}],"about":[{"href":"https:\/\/egrant.sk\/sl\/wp-json\/wp\/v2\/types\/page"}],"author":[{"embeddable":true,"href":"https:\/\/egrant.sk\/sl\/wp-json\/wp\/v2\/users\/1"}],"replies":[{"embeddable":true,"href":"https:\/\/egrant.sk\/sl\/wp-json\/wp\/v2\/comments?post=8807"}],"version-history":[{"count":4,"href":"https:\/\/egrant.sk\/sl\/wp-json\/wp\/v2\/pages\/8807\/revisions"}],"predecessor-version":[{"id":8812,"href":"https:\/\/egrant.sk\/sl\/wp-json\/wp\/v2\/pages\/8807\/revisions\/8812"}],"wp:attachment":[{"href":"https:\/\/egrant.sk\/sl\/wp-json\/wp\/v2\/media?parent=8807"}],"curies":[{"name":"wp","href":"https:\/\/api.w.org\/{rel}","templated":true}]}}